{"id":1877,"date":"2023-05-11T15:52:50","date_gmt":"2023-05-11T13:52:50","guid":{"rendered":"https:\/\/gualchieriegualchieri.it\/privacy-policy\/"},"modified":"2024-05-17T17:01:41","modified_gmt":"2024-05-17T15:01:41","slug":"privacy-policy","status":"publish","type":"page","link":"https:\/\/gualchieriegualchieri.it\/tr\/privacy-policy\/","title":{"rendered":"Privacy Policy"},"content":{"rendered":"\t\t<div data-elementor-type=\"wp-page\" data-elementor-id=\"1877\" class=\"elementor elementor-1877 elementor-3\" data-elementor-post-type=\"page\">\n\t\t\t\t<div class=\"elementor-element elementor-element-7a6a975 e-flex e-con-boxed e-con e-parent\" data-id=\"7a6a975\" data-element_type=\"container\" data-e-type=\"container\">\n\t\t\t\t\t<div class=\"e-con-inner\">\n\t\t\t\t<div class=\"elementor-element elementor-element-e05a034 elementor-widget elementor-widget-heading\" data-id=\"e05a034\" data-element_type=\"widget\" data-e-type=\"widget\" data-widget_type=\"heading.default\">\n\t\t\t\t<div class=\"elementor-widget-container\">\n\t\t\t\t\t<h1 class=\"elementor-heading-title elementor-size-default\">Privacy Policy<\/h1>\t\t\t\t<\/div>\n\t\t\t\t<\/div>\n\t\t\t\t<div class=\"elementor-element elementor-element-3443edb elementor-widget elementor-widget-text-editor\" data-id=\"3443edb\" data-element_type=\"widget\" data-e-type=\"widget\" data-widget_type=\"text-editor.default\">\n\t\t\t\t<div class=\"elementor-widget-container\">\n\t\t\t\t\t\t\t\t\t\n<p>Bu web sitesi, a\u015fa\u011f\u0131da belirtilen i\u015fleme kurallar\u0131 ve kriterlerine g\u00f6re kullan\u0131c\u0131lar\u0131ndan belirli Ki\u015fisel Verileri toplayabilir.<\/p>\n<p><strong>Kullan\u0131c\u0131lar\u0131n Ki\u015fisel Verilerinin \u0130\u015flenmesi<br \/><\/strong>Veri sahibi (bundan b\u00f6yle &#8220;Kullan\u0131c\u0131&#8221; olarak an\u0131lacakt\u0131r) taraf\u0131ndan sa\u011flanan veya otomatik sistemler de dahil olmak \u00fczere bu web sitesi (bundan b\u00f6yle &#8220;Site&#8221; olarak an\u0131lacakt\u0131r) taraf\u0131ndan otomatik olarak toplanan Ki\u015fisel Veriler (kimlik verileri, adres verileri, gezinme verileri ve site arac\u0131l\u0131\u011f\u0131yla yap\u0131lan se\u00e7imler dahil) (bundan b\u00f6yle toplu olarak &#8220;Veriler&#8221; olarak an\u0131lacakt\u0131r) a\u015fa\u011f\u0131da belirtilen ama\u00e7lar do\u011frultusunda i\u015flenir ve a\u015fa\u011f\u0131da belirtilen \u015fekilde ele al\u0131n\u0131r.<\/p>\n<p><strong>Veri Sorumlusu<br \/><\/strong>GUALCHIERI &amp; C. S.r.l. &#8211; Via delle Fonti, 393\/U &#8211; 59100 PRATO Veri Kontrol\u00f6r\u00fcd\u00fcr.<\/p>\n<p>\u0130\u015fleme y\u00f6ntemleri<\/p>\n<p>Bu Site taraf\u0131ndan toplanabilecek Veriler, kimlik ve teslimat verileri, IP adresi ve Kullan\u0131c\u0131n\u0131n genel \u00f6zellikleri veya Kullan\u0131c\u0131n\u0131n Siteye teknik eri\u015fim modu ile ilgili di\u011fer Verilerdir. Yaln\u0131zca site taraf\u0131ndan sunulan ve veri sahibi taraf\u0131ndan a\u00e7\u0131k\u00e7a talep edilen hizmetlerin sa\u011flanmas\u0131 d\u0131\u015f\u0131ndaki i\u015fleme ama\u00e7lar\u0131yla ilgili olarak, veri sahibinin bunlar\u0131n i\u015flenmesine ili\u015fkin r\u0131zas\u0131 gerekebilir.<\/p>\n<p>Sitenin belirli \u00f6zellikleri nedeniyle, Sitenin teknik kullan\u0131m\u0131 i\u00e7in yararl\u0131 olan gezinme Verileri zorunlu olarak toplan\u0131r ve bunlar\u0131n elde edilmemesi, site taraf\u0131ndan sunulan hizmetlerin kullan\u0131lmas\u0131n\u0131 imkans\u0131z hale getirir. Buna kar\u015f\u0131l\u0131k, Kullan\u0131c\u0131, a\u00e7\u0131k\u00e7a belirtilmedi\u011fi durumlarda, ki\u015fisel Veriler de dahil olmak \u00fczere geri kalan Verileri serbest\u00e7e sa\u011flayabilir. Ayr\u0131ca, belirli Verilerin (\u00f6rne\u011fin ileti\u015fim verileri veya adresler veya Kullan\u0131c\u0131n\u0131n davran\u0131\u015flar\u0131 veya tercihleri vb. hakk\u0131ndaki veriler) sa\u011flanmamas\u0131n\u0131n Sitenin t\u00fcm hizmetleri sunmas\u0131n\u0131 imkans\u0131z hale getirebilece\u011fini l\u00fctfen unutmay\u0131n. Kullan\u0131c\u0131, kendi tercihiyle \u00fc\u00e7\u00fcnc\u00fc taraflara at\u0131fta bulunan veriler sa\u011flarsa, Sitenin kendisi taraf\u0131ndan sunulan hizmetler i\u00e7in ara\u00e7sal ama\u00e7larla i\u015flenmeleri konusunda Siteyi her t\u00fcrl\u00fc sorumluluktan muaf tutar.<\/p>\n<p><strong>\u0130\u015fleme y\u00f6ntemleri<br \/><\/strong><\/p>\n<p>Veri Kontrol\u00f6r\u00fc, Veri Sahiplerinin Verilerini yasal ve do\u011fru bir \u015fekilde i\u015fler ve Verilere yetkisiz eri\u015fimi, if\u015fay\u0131, de\u011fi\u015ftirmeyi veya imha etmeyi \u00f6nlemek i\u00e7in uygun g\u00fcvenlik \u00f6nlemlerini al\u0131r. \u0130\u015fleme, bilgisayar ve\/veya telematik ara\u00e7lar vas\u0131tas\u0131yla ve kesinlikle belirtilen ama\u00e7larla ilgili organizasyonel y\u00f6ntemler ve mant\u0131klarla ger\u00e7ekle\u015ftirilir. Veri Kontrol\u00f6r\u00fcne ek olarak, baz\u0131 durumlarda, Sitenin i\u015f organizasyonunda yer alan y\u00f6netici ve memur kategorileri (idari, ticari, pazarlama, hukuk, sistem y\u00f6neticileri) Verilere eri\u015febilir.<\/p>\n<p>Veri Sorumlusu ayr\u0131ca harici Veri \u0130\u015fleyicileri olarak atanacak harici ki\u015filerden (\u00fc\u00e7\u00fcnc\u00fc taraf teknik hizmet sa\u011flay\u0131c\u0131lar\u0131, posta kuryeleri, bar\u0131nd\u0131rma sa\u011flay\u0131c\u0131lar\u0131, BT \u015firketleri, ileti\u015fim ajanslar\u0131 gibi) yararlanabilir. Veri \u0130\u015fleyicilerin g\u00fcncellenmi\u015f listesi, yukar\u0131da belirtilen adresle ileti\u015fime ge\u00e7ilerek Veri Kontrol\u00f6r\u00fcnden her zaman talep edilebilir.<\/p>\n<p><strong>Kullan\u0131c\u0131 taraf\u0131ndan g\u00f6n\u00fcll\u00fc olarak sa\u011flanan veriler<\/strong><\/p>\n<p>Bu sitede belirtilen adreslere iste\u011fe ba\u011fl\u0131, a\u00e7\u0131k ve g\u00f6n\u00fcll\u00fc olarak elektronik posta g\u00f6nderilmesi, taleplere cevap vermek i\u00e7in gerekli olan g\u00f6nderenin adresinin ve mesajda yer alan di\u011fer ki\u015fisel verilerin daha sonra al\u0131nmas\u0131n\u0131 gerektirir. E-posta adresi, g\u00f6nderen taraf\u0131ndan aksi a\u00e7\u0131k\u00e7a belirtilmedik\u00e7e, Veri Kontrol\u00f6r\u00fc taraf\u0131ndan benzer mesajlar\u0131n daha sonra g\u00f6nderilmesi i\u00e7in kullan\u0131labilir. \u00d6zel \u00f6zet bilgiler, talep \u00fczerine sitenin belirli hizmetler i\u00e7in olu\u015fturulmu\u015f sayfalar\u0131nda raporlanabilir veya g\u00f6r\u00fcnt\u00fclenebilir.<\/p>\n<p><strong>Veri depolama zaman\u0131 ve yeri<\/strong><br \/>Veriler, Kullan\u0131c\u0131 taraf\u0131ndan talep edilen hizmetin yerine getirilmesi i\u00e7in gerekli s\u00fcre boyunca i\u015flenir ve Kullan\u0131c\u0131, me\u015fru nedenlerle Site sunucular\u0131ndan kald\u0131r\u0131lmas\u0131n\u0131 her zaman talep edebilir. Veriler Avrupa Birli\u011fi topraklar\u0131nda toplan\u0131r.<\/p>\n<p><strong>Toplanan Verilerin Ama\u00e7lar\u0131<\/strong><br \/>Veri Sahibinin Verileri a\u015fa\u011f\u0131dakileri sa\u011flamak i\u00e7in toplan\u0131r<\/p>\n<ul>\n<li>Site taraf\u0131ndan sa\u011flanan hizmetin sa\u011flanmas\u0131 ve daha genel olarak idari, muhasebe veya teknik ama\u00e7lar i\u00e7in<\/li>\n<li>Kullan\u0131c\u0131dan gelen \u00f6zel bilgi taleplerine yan\u0131t<\/li>\n<li>Kullan\u0131c\u0131y\u0131 Site taraf\u0131ndan sa\u011flanan yeni \u00fcr\u00fcnler veya hizmetler hakk\u0131nda veya belirli ticari tekliflerle ilgili olarak g\u00fcncellemek;<\/li>\n<li>Sitede bak\u0131m oldu\u011funda veya herhangi bir verimsizlik oldu\u011funda Kullan\u0131c\u0131y\u0131 bilgilendirmek;<\/li>\n<li>Kullan\u0131c\u0131&#8217;n\u0131n ilgi alanlar\u0131na ili\u015fkin reklam mesajlar\u0131n\u0131n g\u00f6sterilmesi;<\/li>\n<\/ul>\n<p>Site taraf\u0131ndan sa\u011flanan hizmetlerin veya ilgili hizmetlerin Kullan\u0131c\u0131 taraf\u0131ndan k\u00f6t\u00fcye kullan\u0131m\u0131n\u0131n veya her hal\u00fckarda y\u00fcr\u00fcrl\u00fckteki mevzuata ayk\u0131r\u0131 uygunsuz kullan\u0131m\u0131n\u0131n \u00f6nlenmesi ve yetkili makamlara bildirilmesi. Y\u00fcr\u00fcrl\u00fckteki mevzuat uyar\u0131nca, Site taraf\u0131ndan sunulan hizmetlerin do\u011frudan sa\u011flanmas\u0131 d\u0131\u015f\u0131ndaki ticari ama\u00e7larla i\u015flenmesi, Kullan\u0131c\u0131 veya \u0130lgili Taraf\u0131n a\u00e7\u0131k r\u0131zas\u0131n\u0131 gerektirir. Bu ama\u00e7la Veri Sorumlusu, Kullan\u0131c\u0131 veya \u0130lgili Taraf taraf\u0131ndan sa\u011flanan belirli hizmetler veya Verilerin i\u015flenmesi ile ilgili olarak sunulabilecek \u00f6zel Bilgilendirici Bildirimler sa\u011flar.<\/p>\n<p><strong>Bu web sitesi taraf\u0131ndan sa\u011flanan hizmetler<\/strong><br \/>Verilerin Veri Sorumlusu taraf\u0131ndan ba\u015fka ama\u00e7larla veya ortaklar\u0131n ve \u00fc\u00e7\u00fcnc\u00fc taraflar\u0131n i\u015fbirli\u011finin gerekli oldu\u011fu hizmetler i\u00e7in kullan\u0131lmas\u0131, her durumda Kullan\u0131c\u0131ya \u00f6zel bir bilgilendirme bildiriminin sunulmas\u0131ndan \u00f6nce ger\u00e7ekle\u015fir ve bu bildirim, gerekti\u011finde herhangi bir onay\u0131n talep edilmesini de sa\u011flayabilir.<\/p>\n<p><strong>\u00c7erezlerin Kullan\u0131m\u0131<\/strong><br \/>Bu web sitesi \u00c7erezleri kullanmaktad\u0131r. Bu arac\u0131n nas\u0131l kullan\u0131laca\u011f\u0131na ve haklar\u0131n\u0131z\u0131 nas\u0131l kullanaca\u011f\u0131n\u0131za ili\u015fkin t\u00fcm ayr\u0131nt\u0131lar, buradan ba\u015fvurabilece\u011finiz ve bu politikada a\u00e7\u0131klanmayan belirli hususlar i\u00e7in y\u00f6nlendirildi\u011finiz \u00c7erez Politikas\u0131nda a\u00e7\u0131klanmaktad\u0131r.<br \/><br \/><\/p>\n<p><strong>\u00dc\u00e7\u00fcnc\u00fc taraf web siteleri<\/strong><br \/>Bu site, kendi gizlilik politikalar\u0131 olan di\u011fer web sitelerine ba\u011flant\u0131lar i\u00e7erebilir. Bu gizlilik politikalar\u0131, bu nedenle \u00dc\u00e7\u00fcnc\u00fc Taraf Sitelerinden sorumlu olmayan Sahibi taraf\u0131ndan benimsenenden farkl\u0131 olabilir.<\/p>\n<p><strong>Veri Sahipleri Taraf\u0131ndan Haklar\u0131n Kullan\u0131lmas\u0131<\/strong><br \/>Verilerin at\u0131fta bulundu\u011fu ki\u015filer, herhangi bir zamanda Veri Kontrol\u00f6r\u00fcnde Verilerin varl\u0131\u011f\u0131n\u0131n veya yoklu\u011funun teyidini alma, i\u00e7eriklerini ve kaynaklar\u0131n\u0131 \u00f6\u011frenme, do\u011fruluklar\u0131n\u0131 do\u011frulama veya entegrasyonlar\u0131n\u0131, iptal edilmelerini, g\u00fcncellenmelerini, d\u00fczeltilmelerini, anonim forma d\u00f6n\u00fc\u015ft\u00fcr\u00fclmelerini veya yasalara ayk\u0131r\u0131 olarak i\u015flenen Verilerin engellenmesini talep etme ve her durumda me\u015fru nedenlerle i\u015flenmelerine kar\u015f\u0131 \u00e7\u0131kma hakk\u0131na sahiptir. Talepler, &#8220;Veri Sorumlusu&#8221; b\u00f6l\u00fcm\u00fcnde belirtilen Veri Sorumlusuna info@gualchieriegualchieri.it e-posta adresinden iletilmelidir.<br \/><br \/><\/p>\n<p><strong>Tan\u0131mlar ve yasal referanslar<\/strong><br \/>Ki\u015fisel Veriler<br \/>Ki\u015fisel veri, ki\u015fisel kimlik numaras\u0131 da dahil olmak \u00fczere, ba\u015fka herhangi bir bilgiye at\u0131fta bulunarak dolayl\u0131 da olsa, kimli\u011fi belirli veya belirlenebilir bir ger\u00e7ek ki\u015fiye ili\u015fkin her t\u00fcrl\u00fc bilgi anlam\u0131na gelir.<br \/><br \/><\/p>\n<p><strong>Navigasyon verileri<\/strong><br \/>Bunlar, Site taraf\u0131ndan otomatik olarak toplanan verilerdir: Siteye ba\u011flanan Kullan\u0131c\u0131 taraf\u0131ndan kullan\u0131lan bilgisayarlar\u0131n IP adresleri veya alan adlar\u0131, URI (Uniform Resource Identifier) g\u00f6sterim adresleri, talebin zaman\u0131, talebin sunucuya g\u00f6nderilmesinde kullan\u0131lan y\u00f6ntem, yan\u0131t olarak elde edilen dosyan\u0131n boyutu, sunucudan gelen yan\u0131t\u0131n durumunu g\u00f6steren say\u0131sal kod (ba\u015far\u0131l\u0131, hata, vb.). ) men\u015fe \u00fclke, ziyaret\u00e7i taraf\u0131ndan kullan\u0131lan taray\u0131c\u0131 ve i\u015fletim sisteminin \u00f6zellikleri, ziyaretin \u00e7e\u015fitli zamansal \u00e7a\u011fr\u0131\u015f\u0131mlar\u0131 (\u00f6rn. her sayfada ge\u00e7irilen s\u00fcre) ve Site i\u00e7inde izlenen g\u00fczergah\u0131n ayr\u0131nt\u0131lar\u0131, \u00f6zellikle ba\u015fvurulan sayfalar\u0131n s\u0131ras\u0131na at\u0131fta bulunarak Kullan\u0131c\u0131n\u0131n i\u015fletim sistemi ve bilgisayar ortam\u0131yla ilgili di\u011fer parametreler.<\/p>\n<p><strong>Kullan\u0131c\u0131<\/strong><br \/>Site&#8217;nin hizmetlerini veya \u00fcr\u00fcnlerini kullanan ki\u015fi anlam\u0131na gelir.<\/p>\n<p><strong>Veri sahibi<\/strong><br \/>Ki\u015fisel Verilerin at\u0131fta bulundu\u011fu ger\u00e7ek ki\u015fi.<\/p>\n<p><strong>Veri kontrol\u00f6r\u00fc<\/strong><br \/>Kontrol\u00f6r taraf\u0131ndan ki\u015fisel verilerin i\u015flenmesi ile g\u00f6revlendirilen ger\u00e7ek veya t\u00fczel ki\u015fi, kamu idaresi ve di\u011fer herhangi bir organ, birlik veya kurulu\u015f.<\/p>\n<p><strong>Veri kontrol\u00f6r\u00fc<\/strong><br \/>Ger\u00e7ek veya t\u00fczel ki\u015fi, kamu idaresi ve i\u015flemeden sorumlu di\u011fer herhangi bir organ, dernek veya kurulu\u015f.<\/p>\n\t\t\t\t\t\t\t\t<\/div>\n\t\t\t\t<\/div>\n\t\t\t\t\t<\/div>\n\t\t\t\t<\/div>\n\t\t\t\t<\/div>\n\t\t","protected":false},"excerpt":{"rendered":"<p>Privacy Policy Bu web sitesi, a\u015fa\u011f\u0131da belirtilen i\u015fleme kurallar\u0131 ve kriterlerine g\u00f6re kullan\u0131c\u0131lar\u0131ndan belirli Ki\u015fisel Verileri toplayabilir. Kullan\u0131c\u0131lar\u0131n Ki\u015fisel Verilerinin \u0130\u015flenmesiVeri sahibi (bundan b\u00f6yle &#8220;Kullan\u0131c\u0131&#8221; olarak an\u0131lacakt\u0131r) taraf\u0131ndan sa\u011flanan veya otomatik sistemler de dahil olmak \u00fczere bu web sitesi (bundan b\u00f6yle &#8220;Site&#8221; olarak an\u0131lacakt\u0131r) taraf\u0131ndan otomatik olarak toplanan Ki\u015fisel Veriler (kimlik verileri, adres verileri, gezinme [&hellip;]<\/p>\n","protected":false},"author":1,"featured_media":0,"parent":0,"menu_order":0,"comment_status":"closed","ping_status":"open","template":"","meta":{"_acf_changed":false,"inline_featured_image":false,"footnotes":""},"class_list":["post-1877","page","type-page","status-publish","hentry"],"acf":[],"yoast_head":"<!-- This site is optimized with the Yoast SEO plugin v27.4 - https:\/\/yoast.com\/product\/yoast-seo-wordpress\/ -->\n<title>Privacy Policy - Gualchieri &amp; Gualchieri<\/title>\n<meta name=\"robots\" content=\"index, follow, max-snippet:-1, max-image-preview:large, max-video-preview:-1\" \/>\n<link rel=\"canonical\" href=\"https:\/\/gualchieriegualchieri.it\/tr\/privacy-policy\/\" \/>\n<meta property=\"og:locale\" content=\"tr_TR\" \/>\n<meta property=\"og:type\" content=\"article\" \/>\n<meta property=\"og:title\" content=\"Privacy Policy - Gualchieri &amp; Gualchieri\" \/>\n<meta property=\"og:description\" content=\"Privacy Policy Bu web sitesi, a\u015fa\u011f\u0131da belirtilen i\u015fleme kurallar\u0131 ve kriterlerine g\u00f6re kullan\u0131c\u0131lar\u0131ndan belirli Ki\u015fisel Verileri toplayabilir. Kullan\u0131c\u0131lar\u0131n Ki\u015fisel Verilerinin \u0130\u015flenmesiVeri sahibi (bundan b\u00f6yle &#8220;Kullan\u0131c\u0131&#8221; olarak an\u0131lacakt\u0131r) taraf\u0131ndan sa\u011flanan veya otomatik sistemler de dahil olmak \u00fczere bu web sitesi (bundan b\u00f6yle &#8220;Site&#8221; olarak an\u0131lacakt\u0131r) taraf\u0131ndan otomatik olarak toplanan Ki\u015fisel Veriler (kimlik verileri, adres verileri, gezinme [&hellip;]\" \/>\n<meta property=\"og:url\" content=\"https:\/\/gualchieriegualchieri.it\/tr\/privacy-policy\/\" \/>\n<meta property=\"og:site_name\" content=\"Gualchieri &amp; Gualchieri\" \/>\n<meta property=\"article:modified_time\" content=\"2024-05-17T15:01:41+00:00\" \/>\n<meta property=\"og:image\" content=\"https:\/\/gualchieriegualchieri.it\/wp-content\/uploads\/2023\/06\/logo-gualchieri-e-gualchieri-social.jpg\" \/>\n\t<meta property=\"og:image:width\" content=\"1200\" \/>\n\t<meta property=\"og:image:height\" content=\"675\" \/>\n\t<meta property=\"og:image:type\" content=\"image\/jpeg\" \/>\n<meta name=\"twitter:card\" content=\"summary_large_image\" \/>\n<meta name=\"twitter:label1\" content=\"Tahmini okuma s\u00fcresi\" \/>\n\t<meta name=\"twitter:data1\" content=\"6 dakika\" \/>\n<script type=\"application\/ld+json\" class=\"yoast-schema-graph\">{\"@context\":\"https:\\\/\\\/schema.org\",\"@graph\":[{\"@type\":\"WebPage\",\"@id\":\"https:\\\/\\\/gualchieriegualchieri.it\\\/tr\\\/privacy-policy\\\/\",\"url\":\"https:\\\/\\\/gualchieriegualchieri.it\\\/tr\\\/privacy-policy\\\/\",\"name\":\"Privacy Policy - Gualchieri &amp; Gualchieri\",\"isPartOf\":{\"@id\":\"https:\\\/\\\/gualchieriegualchieri.it\\\/tr\\\/#website\"},\"datePublished\":\"2023-05-11T13:52:50+00:00\",\"dateModified\":\"2024-05-17T15:01:41+00:00\",\"breadcrumb\":{\"@id\":\"https:\\\/\\\/gualchieriegualchieri.it\\\/tr\\\/privacy-policy\\\/#breadcrumb\"},\"inLanguage\":\"tr\",\"potentialAction\":[{\"@type\":\"ReadAction\",\"target\":[\"https:\\\/\\\/gualchieriegualchieri.it\\\/tr\\\/privacy-policy\\\/\"]}]},{\"@type\":\"BreadcrumbList\",\"@id\":\"https:\\\/\\\/gualchieriegualchieri.it\\\/tr\\\/privacy-policy\\\/#breadcrumb\",\"itemListElement\":[{\"@type\":\"ListItem\",\"position\":1,\"name\":\"Home\",\"item\":\"https:\\\/\\\/gualchieriegualchieri.it\\\/tr\\\/\"},{\"@type\":\"ListItem\",\"position\":2,\"name\":\"Privacy Policy\"}]},{\"@type\":\"WebSite\",\"@id\":\"https:\\\/\\\/gualchieriegualchieri.it\\\/tr\\\/#website\",\"url\":\"https:\\\/\\\/gualchieriegualchieri.it\\\/tr\\\/\",\"name\":\"Gualchieri &amp; Gualchieri\",\"description\":\"Fantezi, \u00f6zel ve \u015fenil iplikler i\u00e7in tekstil makineleri.\",\"publisher\":{\"@id\":\"https:\\\/\\\/gualchieriegualchieri.it\\\/tr\\\/#organization\"},\"potentialAction\":[{\"@type\":\"SearchAction\",\"target\":{\"@type\":\"EntryPoint\",\"urlTemplate\":\"https:\\\/\\\/gualchieriegualchieri.it\\\/tr\\\/?s={search_term_string}\"},\"query-input\":{\"@type\":\"PropertyValueSpecification\",\"valueRequired\":true,\"valueName\":\"search_term_string\"}}],\"inLanguage\":\"tr\"},{\"@type\":\"Organization\",\"@id\":\"https:\\\/\\\/gualchieriegualchieri.it\\\/tr\\\/#organization\",\"name\":\"Gualchieri & Gualchieri\",\"alternateName\":\"G&G\",\"url\":\"https:\\\/\\\/gualchieriegualchieri.it\\\/tr\\\/\",\"logo\":{\"@type\":\"ImageObject\",\"inLanguage\":\"tr\",\"@id\":\"https:\\\/\\\/gualchieriegualchieri.it\\\/tr\\\/#\\\/schema\\\/logo\\\/image\\\/\",\"url\":\"https:\\\/\\\/gualchieriegualchieri.it\\\/wp-content\\\/uploads\\\/2023\\\/06\\\/logo-gualchieri-e-gualchieri-quadrato.jpg\",\"contentUrl\":\"https:\\\/\\\/gualchieriegualchieri.it\\\/wp-content\\\/uploads\\\/2023\\\/06\\\/logo-gualchieri-e-gualchieri-quadrato.jpg\",\"width\":696,\"height\":696,\"caption\":\"Gualchieri & Gualchieri\"},\"image\":{\"@id\":\"https:\\\/\\\/gualchieriegualchieri.it\\\/tr\\\/#\\\/schema\\\/logo\\\/image\\\/\"}}]}<\/script>\n<!-- \/ Yoast SEO plugin. -->","yoast_head_json":{"title":"Privacy Policy - Gualchieri &amp; Gualchieri","robots":{"index":"index","follow":"follow","max-snippet":"max-snippet:-1","max-image-preview":"max-image-preview:large","max-video-preview":"max-video-preview:-1"},"canonical":"https:\/\/gualchieriegualchieri.it\/tr\/privacy-policy\/","og_locale":"tr_TR","og_type":"article","og_title":"Privacy Policy - Gualchieri &amp; Gualchieri","og_description":"Privacy Policy Bu web sitesi, a\u015fa\u011f\u0131da belirtilen i\u015fleme kurallar\u0131 ve kriterlerine g\u00f6re kullan\u0131c\u0131lar\u0131ndan belirli Ki\u015fisel Verileri toplayabilir. Kullan\u0131c\u0131lar\u0131n Ki\u015fisel Verilerinin \u0130\u015flenmesiVeri sahibi (bundan b\u00f6yle &#8220;Kullan\u0131c\u0131&#8221; olarak an\u0131lacakt\u0131r) taraf\u0131ndan sa\u011flanan veya otomatik sistemler de dahil olmak \u00fczere bu web sitesi (bundan b\u00f6yle &#8220;Site&#8221; olarak an\u0131lacakt\u0131r) taraf\u0131ndan otomatik olarak toplanan Ki\u015fisel Veriler (kimlik verileri, adres verileri, gezinme [&hellip;]","og_url":"https:\/\/gualchieriegualchieri.it\/tr\/privacy-policy\/","og_site_name":"Gualchieri &amp; Gualchieri","article_modified_time":"2024-05-17T15:01:41+00:00","og_image":[{"width":1200,"height":675,"url":"https:\/\/gualchieriegualchieri.it\/wp-content\/uploads\/2023\/06\/logo-gualchieri-e-gualchieri-social.jpg","type":"image\/jpeg"}],"twitter_card":"summary_large_image","twitter_misc":{"Tahmini okuma s\u00fcresi":"6 dakika"},"schema":{"@context":"https:\/\/schema.org","@graph":[{"@type":"WebPage","@id":"https:\/\/gualchieriegualchieri.it\/tr\/privacy-policy\/","url":"https:\/\/gualchieriegualchieri.it\/tr\/privacy-policy\/","name":"Privacy Policy - Gualchieri &amp; Gualchieri","isPartOf":{"@id":"https:\/\/gualchieriegualchieri.it\/tr\/#website"},"datePublished":"2023-05-11T13:52:50+00:00","dateModified":"2024-05-17T15:01:41+00:00","breadcrumb":{"@id":"https:\/\/gualchieriegualchieri.it\/tr\/privacy-policy\/#breadcrumb"},"inLanguage":"tr","potentialAction":[{"@type":"ReadAction","target":["https:\/\/gualchieriegualchieri.it\/tr\/privacy-policy\/"]}]},{"@type":"BreadcrumbList","@id":"https:\/\/gualchieriegualchieri.it\/tr\/privacy-policy\/#breadcrumb","itemListElement":[{"@type":"ListItem","position":1,"name":"Home","item":"https:\/\/gualchieriegualchieri.it\/tr\/"},{"@type":"ListItem","position":2,"name":"Privacy Policy"}]},{"@type":"WebSite","@id":"https:\/\/gualchieriegualchieri.it\/tr\/#website","url":"https:\/\/gualchieriegualchieri.it\/tr\/","name":"Gualchieri &amp; Gualchieri","description":"Fantezi, \u00f6zel ve \u015fenil iplikler i\u00e7in tekstil makineleri.","publisher":{"@id":"https:\/\/gualchieriegualchieri.it\/tr\/#organization"},"potentialAction":[{"@type":"SearchAction","target":{"@type":"EntryPoint","urlTemplate":"https:\/\/gualchieriegualchieri.it\/tr\/?s={search_term_string}"},"query-input":{"@type":"PropertyValueSpecification","valueRequired":true,"valueName":"search_term_string"}}],"inLanguage":"tr"},{"@type":"Organization","@id":"https:\/\/gualchieriegualchieri.it\/tr\/#organization","name":"Gualchieri & Gualchieri","alternateName":"G&G","url":"https:\/\/gualchieriegualchieri.it\/tr\/","logo":{"@type":"ImageObject","inLanguage":"tr","@id":"https:\/\/gualchieriegualchieri.it\/tr\/#\/schema\/logo\/image\/","url":"https:\/\/gualchieriegualchieri.it\/wp-content\/uploads\/2023\/06\/logo-gualchieri-e-gualchieri-quadrato.jpg","contentUrl":"https:\/\/gualchieriegualchieri.it\/wp-content\/uploads\/2023\/06\/logo-gualchieri-e-gualchieri-quadrato.jpg","width":696,"height":696,"caption":"Gualchieri & Gualchieri"},"image":{"@id":"https:\/\/gualchieriegualchieri.it\/tr\/#\/schema\/logo\/image\/"}}]}},"_links":{"self":[{"href":"https:\/\/gualchieriegualchieri.it\/tr\/wp-json\/wp\/v2\/pages\/1877","targetHints":{"allow":["GET"]}}],"collection":[{"href":"https:\/\/gualchieriegualchieri.it\/tr\/wp-json\/wp\/v2\/pages"}],"about":[{"href":"https:\/\/gualchieriegualchieri.it\/tr\/wp-json\/wp\/v2\/types\/page"}],"author":[{"embeddable":true,"href":"https:\/\/gualchieriegualchieri.it\/tr\/wp-json\/wp\/v2\/users\/1"}],"replies":[{"embeddable":true,"href":"https:\/\/gualchieriegualchieri.it\/tr\/wp-json\/wp\/v2\/comments?post=1877"}],"version-history":[{"count":3,"href":"https:\/\/gualchieriegualchieri.it\/tr\/wp-json\/wp\/v2\/pages\/1877\/revisions"}],"predecessor-version":[{"id":2130,"href":"https:\/\/gualchieriegualchieri.it\/tr\/wp-json\/wp\/v2\/pages\/1877\/revisions\/2130"}],"wp:attachment":[{"href":"https:\/\/gualchieriegualchieri.it\/tr\/wp-json\/wp\/v2\/media?parent=1877"}],"curies":[{"name":"wp","href":"https:\/\/api.w.org\/{rel}","templated":true}]}}