{"id":1871,"date":"2023-05-12T12:48:04","date_gmt":"2023-05-12T10:48:04","guid":{"rendered":"https:\/\/gualchieriegualchieri.it\/contact-us\/"},"modified":"2024-05-17T12:39:13","modified_gmt":"2024-05-17T10:39:13","slug":"iletisim","status":"publish","type":"page","link":"https:\/\/gualchieriegualchieri.it\/tr\/iletisim\/","title":{"rendered":"\u0130leti\u015fim"},"content":{"rendered":"\t\t<div data-elementor-type=\"wp-page\" data-elementor-id=\"1871\" class=\"elementor elementor-1871 elementor-42\" data-elementor-post-type=\"page\">\n\t\t\t\t<div class=\"elementor-element elementor-element-c4a5801 e-flex e-con-boxed e-con e-parent\" data-id=\"c4a5801\" data-element_type=\"container\" data-e-type=\"container\" data-settings=\"{&quot;background_background&quot;:&quot;classic&quot;}\">\n\t\t\t\t\t<div class=\"e-con-inner\">\n\t\t<div class=\"elementor-element elementor-element-a8c7611 e-con-full e-flex e-con e-child\" data-id=\"a8c7611\" data-element_type=\"container\" data-e-type=\"container\">\n\t\t\t\t<div class=\"elementor-element elementor-element-36b1c89 elementor-widget elementor-widget-heading\" data-id=\"36b1c89\" data-element_type=\"widget\" data-e-type=\"widget\" data-widget_type=\"heading.default\">\n\t\t\t\t<div class=\"elementor-widget-container\">\n\t\t\t\t\t<h1 class=\"elementor-heading-title elementor-size-default\">contact us<\/h1>\t\t\t\t<\/div>\n\t\t\t\t<\/div>\n\t\t\t\t<div class=\"elementor-element elementor-element-37018d2 elementor-align-start elementor-icon-list--layout-traditional elementor-list-item-link-full_width elementor-widget elementor-widget-icon-list\" data-id=\"37018d2\" data-element_type=\"widget\" data-e-type=\"widget\" data-widget_type=\"icon-list.default\">\n\t\t\t\t<div class=\"elementor-widget-container\">\n\t\t\t\t\t\t\t<ul class=\"elementor-icon-list-items\">\n\t\t\t\t\t\t\t<li class=\"elementor-icon-list-item\">\n\t\t\t\t\t\t\t\t\t\t\t<a href=\"tel:+390574590587\">\n\n\t\t\t\t\t\t\t\t\t\t\t\t<span class=\"elementor-icon-list-icon\">\n\t\t\t\t\t\t\t<svg xmlns=\"http:\/\/www.w3.org\/2000\/svg\" width=\"18\" height=\"18\" viewBox=\"0 0 18 18\"><path id=\"Path_1555\" data-name=\"Path 1555\" d=\"M20,15.5a11.36,11.36,0,0,1-3.57-.57,1.021,1.021,0,0,0-1.02.24l-2.2,2.2a15.045,15.045,0,0,1-6.59-6.59l2.2-2.21a.96.96,0,0,0,.25-1A11.36,11.36,0,0,1,8.5,4a1,1,0,0,0-1-1H4A1,1,0,0,0,3,4,17,17,0,0,0,20,21a1,1,0,0,0,1-1V16.5A1,1,0,0,0,20,15.5ZM19,12h2a9,9,0,0,0-9-9V5A7,7,0,0,1,19,12Zm-4,0h2a5,5,0,0,0-5-5V9A3,3,0,0,1,15,12Z\" transform=\"translate(-3 -3)\"><\/path><\/svg>\t\t\t\t\t\t<\/span>\n\t\t\t\t\t\t\t\t\t\t<span class=\"elementor-icon-list-text\">(+39) 0574 590587<\/span>\n\t\t\t\t\t\t\t\t\t\t\t<\/a>\n\t\t\t\t\t\t\t\t\t<\/li>\n\t\t\t\t\t\t\t\t<li class=\"elementor-icon-list-item\">\n\t\t\t\t\t\t\t\t\t\t\t<a href=\"mailto:info@gualchieriegualchieri.it\">\n\n\t\t\t\t\t\t\t\t\t\t\t\t<span class=\"elementor-icon-list-icon\">\n\t\t\t\t\t\t\t<svg xmlns=\"http:\/\/www.w3.org\/2000\/svg\" width=\"20\" height=\"16\" viewBox=\"0 0 20 16\"><path id=\"Path_1557\" data-name=\"Path 1557\" d=\"M22,6a2.006,2.006,0,0,0-2-2H4A2.006,2.006,0,0,0,2,6V18a2.006,2.006,0,0,0,2,2H20a2.006,2.006,0,0,0,2-2ZM20,6l-8,4.99L4,6Zm0,12H4V8l8,5,8-5Z\" transform=\"translate(-2 -4)\"><\/path><\/svg>\t\t\t\t\t\t<\/span>\n\t\t\t\t\t\t\t\t\t\t<span class=\"elementor-icon-list-text\">info@gualchieriegualchieri.it<\/span>\n\t\t\t\t\t\t\t\t\t\t\t<\/a>\n\t\t\t\t\t\t\t\t\t<\/li>\n\t\t\t\t\t\t\t\t<li class=\"elementor-icon-list-item\">\n\t\t\t\t\t\t\t\t\t\t\t<a href=\"https:\/\/goo.gl\/maps\/TwKqzBzXFJvL1gbm8\" target=\"_blank\">\n\n\t\t\t\t\t\t\t\t\t\t\t\t<span class=\"elementor-icon-list-icon\">\n\t\t\t\t\t\t\t<svg xmlns=\"http:\/\/www.w3.org\/2000\/svg\" width=\"14\" height=\"20\" viewBox=\"0 0 14 20\"><path id=\"_Color\" data-name=\" &#x21B3;Color\" d=\"M7,20H7a45.452,45.452,0,0,1-3.5-4.53C1.9,13.1,0,9.712,0,7A7,7,0,0,1,11.952,2.049,6.955,6.955,0,0,1,14,7c0,2.712-1.9,6.1-3.5,8.468A45.452,45.452,0,0,1,7,20ZM7,4.5A2.5,2.5,0,1,0,9.5,7,2.5,2.5,0,0,0,7,4.5Z\"><\/path><\/svg>\t\t\t\t\t\t<\/span>\n\t\t\t\t\t\t\t\t\t\t<span class=\"elementor-icon-list-text\">Via Nea Ionia, 43<br> 59100 Prato \u2013 Italy<\/span>\n\t\t\t\t\t\t\t\t\t\t\t<\/a>\n\t\t\t\t\t\t\t\t\t<\/li>\n\t\t\t\t\t\t<\/ul>\n\t\t\t\t\t\t<\/div>\n\t\t\t\t<\/div>\n\t\t\t\t<div class=\"elementor-element elementor-element-28e3db6 elementor-widget elementor-widget-heading\" data-id=\"28e3db6\" data-element_type=\"widget\" data-e-type=\"widget\" data-widget_type=\"heading.default\">\n\t\t\t\t<div class=\"elementor-widget-container\">\n\t\t\t\t\t<h4 class=\"elementor-heading-title elementor-size-default\">Social<\/h4>\t\t\t\t<\/div>\n\t\t\t\t<\/div>\n\t\t\t\t<div class=\"elementor-element elementor-element-3803ca4 elementor-shape-circle e-grid-align-left elementor-grid-0 elementor-widget elementor-widget-social-icons\" data-id=\"3803ca4\" data-element_type=\"widget\" data-e-type=\"widget\" data-widget_type=\"social-icons.default\">\n\t\t\t\t<div class=\"elementor-widget-container\">\n\t\t\t\t\t\t\t<div class=\"elementor-social-icons-wrapper elementor-grid\" role=\"list\">\n\t\t\t\t\t\t\t<span class=\"elementor-grid-item\" role=\"listitem\">\n\t\t\t\t\t<a class=\"elementor-icon elementor-social-icon elementor-social-icon-facebook-f elementor-animation-grow elementor-repeater-item-af41223\" href=\"https:\/\/www.facebook.com\/GualchierieGualchieri\/\" target=\"_blank\">\n\t\t\t\t\t\t<span class=\"elementor-screen-only\">Facebook-f<\/span>\n\t\t\t\t\t\t<i aria-hidden=\"true\" class=\"fab fa-facebook-f\"><\/i>\t\t\t\t\t<\/a>\n\t\t\t\t<\/span>\n\t\t\t\t\t\t\t<span class=\"elementor-grid-item\" role=\"listitem\">\n\t\t\t\t\t<a class=\"elementor-icon elementor-social-icon elementor-social-icon-instagram elementor-animation-grow elementor-repeater-item-e964a0b\" href=\"https:\/\/www.instagram.com\/gualchieriegualchieri\/\" target=\"_blank\">\n\t\t\t\t\t\t<span class=\"elementor-screen-only\">Instagram<\/span>\n\t\t\t\t\t\t<i aria-hidden=\"true\" class=\"fab fa-instagram\"><\/i>\t\t\t\t\t<\/a>\n\t\t\t\t<\/span>\n\t\t\t\t\t<\/div>\n\t\t\t\t\t\t<\/div>\n\t\t\t\t<\/div>\n\t\t\t\t<div class=\"elementor-element elementor-element-431a78a elementor-widget elementor-widget-heading\" data-id=\"431a78a\" data-element_type=\"widget\" data-e-type=\"widget\" data-widget_type=\"heading.default\">\n\t\t\t\t<div class=\"elementor-widget-container\">\n\t\t\t\t\t<h5 class=\"elementor-heading-title elementor-size-default\">where we are<\/h5>\t\t\t\t<\/div>\n\t\t\t\t<\/div>\n\t\t\t\t<div class=\"elementor-element elementor-element-d25ca24 elementor-widget elementor-widget-google_maps\" data-id=\"d25ca24\" data-element_type=\"widget\" data-e-type=\"widget\" data-widget_type=\"google_maps.default\">\n\t\t\t\t<div class=\"elementor-widget-container\">\n\t\t\t\t\t\t\t<div class=\"elementor-custom-embed\">\n\t\t\t<iframe loading=\"lazy\"\n\t\t\t\t\tsrc=\"https:\/\/maps.google.com\/maps?q=Gualchieri%20%26%20Gualchieri%20-%20Macchine%20tessili&#038;t=m&#038;z=15&#038;output=embed&#038;iwloc=near\"\n\t\t\t\t\ttitle=\"Gualchieri &amp; Gualchieri - Macchine tessili\"\n\t\t\t\t\taria-label=\"Gualchieri &amp; Gualchieri - Macchine tessili\"\n\t\t\t><\/iframe>\n\t\t<\/div>\n\t\t\t\t\t\t<\/div>\n\t\t\t\t<\/div>\n\t\t\t\t<\/div>\n\t\t\t\t<div class=\"elementor-element elementor-element-9d15e4e elementor-widget__width-initial elementor-widget-mobile__width-inherit elementor-button-align-stretch elementor-widget elementor-widget-form\" data-id=\"9d15e4e\" data-element_type=\"widget\" data-e-type=\"widget\" data-settings=\"{&quot;step_next_label&quot;:&quot;Successivo&quot;,&quot;step_previous_label&quot;:&quot;Precedente&quot;,&quot;button_width&quot;:&quot;100&quot;,&quot;dce_confirm_dialog_enabled&quot;:&quot;no&quot;,&quot;step_type&quot;:&quot;number_text&quot;,&quot;step_icon_shape&quot;:&quot;circle&quot;,&quot;label_icon_size&quot;:{&quot;unit&quot;:&quot;px&quot;,&quot;size&quot;:&quot;&quot;,&quot;sizes&quot;:[]},&quot;field_icon_size&quot;:{&quot;unit&quot;:&quot;px&quot;,&quot;size&quot;:&quot;&quot;,&quot;sizes&quot;:[]}}\" data-widget_type=\"form.default\">\n\t\t\t\t<div class=\"elementor-widget-container\">\n\t\t\t\t\t\t\t<form class=\"elementor-form\" method=\"post\" name=\"Richiesta di contatto\">\n\t\t\t<input type=\"hidden\" name=\"post_id\" value=\"1871\"\/>\n\t\t\t<input type=\"hidden\" name=\"form_id\" value=\"9d15e4e\"\/>\n\t\t\t<input type=\"hidden\" name=\"referer_title\" value=\"\u0130leti\u015fim - Gualchieri &amp; Gualchieri\" \/>\n\n\t\t\t\t\t\t\t<input type=\"hidden\" name=\"queried_id\" value=\"1871\"\/>\n\t\t\t\n\t\t\t<div class=\"elementor-form-fields-wrapper elementor-labels-above\">\n\t\t\t\t\t\t\t\t<div class=\"elementor-field-type-text elementor-field-group elementor-column elementor-field-group-nome elementor-col-50 elementor-field-required\">\n\t\t\t\t\t\t\t\t\t\t\t\t<label for=\"form-field-nome\" class=\"elementor-field-label\">\n\t\t\t\t\t\t\t\tName*:\t\t\t\t\t\t\t<\/label>\n\t\t\t\t\t\t\t\t\t\t\t\t\t\t<input size=\"1\" type=\"text\" name=\"form_fields[nome]\" id=\"form-field-nome\" class=\"elementor-field elementor-size-sm  elementor-field-textual\" required=\"required\">\n\t\t\t\t\t\t\t\t\t\t\t<\/div>\n\t\t\t\t\t\t\t\t<div class=\"elementor-field-type-text elementor-field-group elementor-column elementor-field-group-cognome elementor-col-50 elementor-field-required\">\n\t\t\t\t\t\t\t\t\t\t\t\t<label for=\"form-field-cognome\" class=\"elementor-field-label\">\n\t\t\t\t\t\t\t\tSurname*:\t\t\t\t\t\t\t<\/label>\n\t\t\t\t\t\t\t\t\t\t\t\t\t\t<input size=\"1\" type=\"text\" name=\"form_fields[cognome]\" id=\"form-field-cognome\" class=\"elementor-field elementor-size-sm  elementor-field-textual\" required=\"required\">\n\t\t\t\t\t\t\t\t\t\t\t<\/div>\n\t\t\t\t\t\t\t\t<div class=\"elementor-field-type-text elementor-field-group elementor-column elementor-field-group-azienda elementor-col-100 elementor-field-required\">\n\t\t\t\t\t\t\t\t\t\t\t\t<label for=\"form-field-azienda\" class=\"elementor-field-label\">\n\t\t\t\t\t\t\t\tCompany*:\t\t\t\t\t\t\t<\/label>\n\t\t\t\t\t\t\t\t\t\t\t\t\t\t<input size=\"1\" type=\"text\" name=\"form_fields[azienda]\" id=\"form-field-azienda\" class=\"elementor-field elementor-size-sm  elementor-field-textual\" required=\"required\">\n\t\t\t\t\t\t\t\t\t\t\t<\/div>\n\t\t\t\t\t\t\t\t<div class=\"elementor-field-type-text elementor-field-group elementor-column elementor-field-group-indirizzosede elementor-col-100 elementor-field-required\">\n\t\t\t\t\t\t\t\t\t\t\t\t<label for=\"form-field-indirizzosede\" class=\"elementor-field-label\">\n\t\t\t\t\t\t\t\tCompany address*:\t\t\t\t\t\t\t<\/label>\n\t\t\t\t\t\t\t\t\t\t\t\t\t\t<input size=\"1\" type=\"text\" name=\"form_fields[indirizzosede]\" id=\"form-field-indirizzosede\" class=\"elementor-field elementor-size-sm  elementor-field-textual\" required=\"required\">\n\t\t\t\t\t\t\t\t\t\t\t<\/div>\n\t\t\t\t\t\t\t\t<div class=\"elementor-field-type-email elementor-field-group elementor-column elementor-field-group-email elementor-col-100 elementor-field-required\">\n\t\t\t\t\t\t\t\t\t\t\t\t<label for=\"form-field-email\" class=\"elementor-field-label\">\n\t\t\t\t\t\t\t\tE-mail*:\t\t\t\t\t\t\t<\/label>\n\t\t\t\t\t\t\t\t\t\t\t\t\t\t<input size=\"1\" type=\"email\" name=\"form_fields[email]\" id=\"form-field-email\" class=\"elementor-field elementor-size-sm  elementor-field-textual\" required=\"required\">\n\t\t\t\t\t\t\t\t\t\t\t<\/div>\n\t\t\t\t\t\t\t\t<div class=\"elementor-field-type-tel elementor-field-group elementor-column elementor-field-group-telefono elementor-col-100 elementor-field-required\">\n\t\t\t\t\t\t\t\t\t\t\t\t<label for=\"form-field-telefono\" class=\"elementor-field-label\">\n\t\t\t\t\t\t\t\tPhone*:\t\t\t\t\t\t\t<\/label>\n\t\t\t\t\t\t\t\t<input size=\"1\" type=\"tel\" name=\"form_fields[telefono]\" id=\"form-field-telefono\" class=\"elementor-field elementor-size-sm  elementor-field-textual\" required=\"required\" pattern=\"[0-9()#&amp;+*-=.]+\" title=\"Only numbers and phone characters (#, -, *, etc) are accepted.\">\n\n\t\t\t\t\t\t<\/div>\n\t\t\t\t\t\t\t\t<div class=\"elementor-field-type-textarea elementor-field-group elementor-column elementor-field-group-messaggio elementor-col-100 elementor-field-required\">\n\t\t\t\t\t\t\t\t\t\t\t\t<label for=\"form-field-messaggio\" class=\"elementor-field-label\">\n\t\t\t\t\t\t\t\tMessagge*:\t\t\t\t\t\t\t<\/label>\n\t\t\t\t\t\t<textarea class=\"elementor-field-textual elementor-field  elementor-size-sm\" name=\"form_fields[messaggio]\" id=\"form-field-messaggio\" rows=\"4\" required=\"required\"><\/textarea>\t\t\t\t<\/div>\n\t\t\t\t\t\t\t\t<div class=\"elementor-field-type-acceptance elementor-field-group elementor-column elementor-field-group-privacy elementor-col-100 elementor-field-required\">\n\t\t\t\t\t\t\t<div class=\"elementor-field-subgroup\">\n\t\t\t<span class=\"elementor-field-option\">\n\t\t\t\t<input type=\"checkbox\" name=\"form_fields[privacy]\" id=\"form-field-privacy\" class=\"elementor-field elementor-size-sm  elementor-acceptance-field\" required=\"required\">\n\t\t\t\t<label for=\"form-field-privacy\">* I authorize the use of my personal information, pursuant to UE law 2016\/679 (General Data Protection Regulation) and D.lgs. 196 of 30 June 2003<\/label>\t\t\t<\/span>\n\t\t<\/div>\n\t\t\t\t\t\t<\/div>\n\t\t\t\t\t\t\t\t<div class=\"elementor-field-type-html elementor-field-group elementor-column elementor-field-group-field_aa470fa elementor-col-100\">\n\t\t\t\t\t* (required field)\t\t\t\t<\/div>\n\t\t\t\t\t\t\t\t<div class=\"elementor-field-type-recaptcha_v3 elementor-field-group elementor-column elementor-field-group-recaptcha elementor-col-100 recaptcha_v3-bottomright\">\n\t\t\t\t\t<div class=\"elementor-field\" id=\"form-field-recaptcha\"><div class=\"elementor-g-recaptcha\" data-sitekey=\"6LdveKgUAAAAAM91SsQEj-9YJROrpbqqBfHZL8QB\" data-type=\"v3\" data-action=\"Form\" data-badge=\"bottomright\" data-size=\"invisible\"><\/div><\/div>\t\t\t\t<\/div>\n\t\t\t\t\t\t\t\t<div class=\"elementor-field-type-html elementor-field-group elementor-column elementor-field-group-field_763c8f4 elementor-col-100\">\n\t\t\t\t\tThis site is protected by reCAPTCHA and the Google <a defer=\"\" href=\"https:\/\/policies.google.com\/privacy\" target=\"_blank\" title=\"Privacy Google reCaptcha\">Privacy Policy<\/a> and <a defer=\"\" href=\"https:\/\/policies.google.com\/terms\" target=\"_blank\" title=\"Google reCaptcha Terms\">Terms and Conditions<\/a> apply.\t\t\t\t<\/div>\n\t\t\t\t\t\t\t\t<div class=\"elementor-field-group elementor-column elementor-field-type-submit elementor-col-100 e-form__buttons\">\n\t\t\t\t\t<button class=\"elementor-button elementor-size-sm\" type=\"submit\">\n\t\t\t\t\t\t<span class=\"elementor-button-content-wrapper\">\n\t\t\t\t\t\t\t\t\t\t\t\t\t\t\t\t\t\t\t\t\t\t<span class=\"elementor-button-text\">Contact us<\/span>\n\t\t\t\t\t\t\t\t\t\t\t\t\t<\/span>\n\t\t\t\t\t<\/button>\n\t\t\t\t<\/div>\n\t\t\t<\/div>\n\t\t<\/form>\n\t\t\t\t\t\t<\/div>\n\t\t\t\t<\/div>\n\t\t\t\t\t<\/div>\n\t\t\t\t<\/div>\n\t\t<div class=\"elementor-element elementor-element-b851077 e-flex e-con-boxed e-con e-parent\" data-id=\"b851077\" data-element_type=\"container\" data-e-type=\"container\">\n\t\t\t\t\t<div class=\"e-con-inner\">\n\t\t\t\t<div class=\"elementor-element elementor-element-03228e7 elementor-widget__width-auto elementor-widget elementor-widget-text-editor\" data-id=\"03228e7\" data-element_type=\"widget\" data-e-type=\"widget\" data-widget_type=\"text-editor.default\">\n\t\t\t\t<div class=\"elementor-widget-container\">\n\t\t\t\t\t\t\t\t\t<ul><li>\u00a92026<\/li><li>Gualchieri E Gualchieri &amp; C. S.R.L.<\/li><li>Via Nea Ionia, 43 &#8211; 59100 Prato<\/li><li>VAT 02163910975<\/li><\/ul>\t\t\t\t\t\t\t\t<\/div>\n\t\t\t\t<\/div>\n\t\t\t\t<div class=\"elementor-element elementor-element-e09e6cb elementor-widget__width-auto elementor-widget elementor-widget-text-editor\" data-id=\"e09e6cb\" data-element_type=\"widget\" data-e-type=\"widget\" data-widget_type=\"text-editor.default\">\n\t\t\t\t<div class=\"elementor-widget-container\">\n\t\t\t\t\t\t\t\t\t<ul><li><a href=\"\/en\/privacy-policy\">Privacy Policy<\/a><\/li><li><a href=\"\/en\/cookie-policy\">Cookie policy<\/a><\/li><\/ul>\t\t\t\t\t\t\t\t<\/div>\n\t\t\t\t<\/div>\n\t\t\t\t\t<\/div>\n\t\t\t\t<\/div>\n\t\t\t\t<\/div>\n\t\t","protected":false},"excerpt":{"rendered":"<p>contact us (+39) 0574 590587 info@gualchieriegualchieri.it Via Nea Ionia, 43 59100 Prato \u2013 Italy Social Facebook-f Instagram where we are \u00a9 Gualchieri E Gualchieri &amp; C. S.R.L. Via Nea Ionia, 43 &#8211; 59100 Prato VAT 02163910975 Privacy Policy Cookie policy<\/p>\n","protected":false},"author":1,"featured_media":0,"parent":0,"menu_order":0,"comment_status":"closed","ping_status":"closed","template":"","meta":{"_acf_changed":false,"inline_featured_image":false,"footnotes":""},"class_list":["post-1871","page","type-page","status-publish","hentry"],"acf":[],"yoast_head":"<!-- This site is optimized with the Yoast SEO plugin v27.4 - https:\/\/yoast.com\/product\/yoast-seo-wordpress\/ -->\n<title>\u0130leti\u015fim - Gualchieri &amp; Gualchieri<\/title>\n<meta name=\"description\" content=\"Contact Gualchieri &amp; Gualchieri to find the most suitable textile machinery solution for your company\" \/>\n<meta name=\"robots\" content=\"index, follow, max-snippet:-1, max-image-preview:large, max-video-preview:-1\" \/>\n<link rel=\"canonical\" href=\"https:\/\/gualchieriegualchieri.it\/tr\/iletisim\/\" \/>\n<meta property=\"og:locale\" content=\"tr_TR\" \/>\n<meta property=\"og:type\" content=\"article\" \/>\n<meta property=\"og:title\" content=\"\u0130leti\u015fim - Gualchieri &amp; Gualchieri\" \/>\n<meta property=\"og:description\" content=\"Contact Gualchieri &amp; Gualchieri to find the most suitable textile machinery solution for your company\" \/>\n<meta property=\"og:url\" content=\"https:\/\/gualchieriegualchieri.it\/tr\/iletisim\/\" \/>\n<meta property=\"og:site_name\" content=\"Gualchieri &amp; Gualchieri\" \/>\n<meta property=\"article:modified_time\" content=\"2024-05-17T10:39:13+00:00\" \/>\n<meta property=\"og:image\" content=\"https:\/\/gualchieriegualchieri.it\/wp-content\/uploads\/2023\/06\/logo-gualchieri-e-gualchieri-social.jpg\" \/>\n\t<meta property=\"og:image:width\" content=\"1200\" \/>\n\t<meta property=\"og:image:height\" content=\"675\" \/>\n\t<meta property=\"og:image:type\" content=\"image\/jpeg\" \/>\n<meta name=\"twitter:card\" content=\"summary_large_image\" \/>\n<meta name=\"twitter:label1\" content=\"Tahmini okuma s\u00fcresi\" \/>\n\t<meta name=\"twitter:data1\" content=\"1 dakika\" \/>\n<script type=\"application\/ld+json\" class=\"yoast-schema-graph\">{\"@context\":\"https:\\\/\\\/schema.org\",\"@graph\":[{\"@type\":\"WebPage\",\"@id\":\"https:\\\/\\\/gualchieriegualchieri.it\\\/tr\\\/iletisim\\\/\",\"url\":\"https:\\\/\\\/gualchieriegualchieri.it\\\/tr\\\/iletisim\\\/\",\"name\":\"\u0130leti\u015fim - Gualchieri &amp; Gualchieri\",\"isPartOf\":{\"@id\":\"https:\\\/\\\/gualchieriegualchieri.it\\\/tr\\\/#website\"},\"datePublished\":\"2023-05-12T10:48:04+00:00\",\"dateModified\":\"2024-05-17T10:39:13+00:00\",\"description\":\"Contact Gualchieri & Gualchieri to find the most suitable textile machinery solution for your company\",\"breadcrumb\":{\"@id\":\"https:\\\/\\\/gualchieriegualchieri.it\\\/tr\\\/iletisim\\\/#breadcrumb\"},\"inLanguage\":\"tr\",\"potentialAction\":[{\"@type\":\"ReadAction\",\"target\":[\"https:\\\/\\\/gualchieriegualchieri.it\\\/tr\\\/iletisim\\\/\"]}]},{\"@type\":\"BreadcrumbList\",\"@id\":\"https:\\\/\\\/gualchieriegualchieri.it\\\/tr\\\/iletisim\\\/#breadcrumb\",\"itemListElement\":[{\"@type\":\"ListItem\",\"position\":1,\"name\":\"Home\",\"item\":\"https:\\\/\\\/gualchieriegualchieri.it\\\/tr\\\/\"},{\"@type\":\"ListItem\",\"position\":2,\"name\":\"\u0130leti\u015fim\"}]},{\"@type\":\"WebSite\",\"@id\":\"https:\\\/\\\/gualchieriegualchieri.it\\\/tr\\\/#website\",\"url\":\"https:\\\/\\\/gualchieriegualchieri.it\\\/tr\\\/\",\"name\":\"Gualchieri &amp; Gualchieri\",\"description\":\"Fantezi, \u00f6zel ve \u015fenil iplikler i\u00e7in tekstil makineleri.\",\"publisher\":{\"@id\":\"https:\\\/\\\/gualchieriegualchieri.it\\\/tr\\\/#organization\"},\"potentialAction\":[{\"@type\":\"SearchAction\",\"target\":{\"@type\":\"EntryPoint\",\"urlTemplate\":\"https:\\\/\\\/gualchieriegualchieri.it\\\/tr\\\/?s={search_term_string}\"},\"query-input\":{\"@type\":\"PropertyValueSpecification\",\"valueRequired\":true,\"valueName\":\"search_term_string\"}}],\"inLanguage\":\"tr\"},{\"@type\":\"Organization\",\"@id\":\"https:\\\/\\\/gualchieriegualchieri.it\\\/tr\\\/#organization\",\"name\":\"Gualchieri & Gualchieri\",\"alternateName\":\"G&G\",\"url\":\"https:\\\/\\\/gualchieriegualchieri.it\\\/tr\\\/\",\"logo\":{\"@type\":\"ImageObject\",\"inLanguage\":\"tr\",\"@id\":\"https:\\\/\\\/gualchieriegualchieri.it\\\/tr\\\/#\\\/schema\\\/logo\\\/image\\\/\",\"url\":\"https:\\\/\\\/gualchieriegualchieri.it\\\/wp-content\\\/uploads\\\/2023\\\/06\\\/logo-gualchieri-e-gualchieri-quadrato.jpg\",\"contentUrl\":\"https:\\\/\\\/gualchieriegualchieri.it\\\/wp-content\\\/uploads\\\/2023\\\/06\\\/logo-gualchieri-e-gualchieri-quadrato.jpg\",\"width\":696,\"height\":696,\"caption\":\"Gualchieri & Gualchieri\"},\"image\":{\"@id\":\"https:\\\/\\\/gualchieriegualchieri.it\\\/tr\\\/#\\\/schema\\\/logo\\\/image\\\/\"}}]}<\/script>\n<!-- \/ Yoast SEO plugin. -->","yoast_head_json":{"title":"\u0130leti\u015fim - Gualchieri &amp; Gualchieri","description":"Contact Gualchieri & Gualchieri to find the most suitable textile machinery solution for your company","robots":{"index":"index","follow":"follow","max-snippet":"max-snippet:-1","max-image-preview":"max-image-preview:large","max-video-preview":"max-video-preview:-1"},"canonical":"https:\/\/gualchieriegualchieri.it\/tr\/iletisim\/","og_locale":"tr_TR","og_type":"article","og_title":"\u0130leti\u015fim - Gualchieri &amp; Gualchieri","og_description":"Contact Gualchieri & Gualchieri to find the most suitable textile machinery solution for your company","og_url":"https:\/\/gualchieriegualchieri.it\/tr\/iletisim\/","og_site_name":"Gualchieri &amp; Gualchieri","article_modified_time":"2024-05-17T10:39:13+00:00","og_image":[{"width":1200,"height":675,"url":"https:\/\/gualchieriegualchieri.it\/wp-content\/uploads\/2023\/06\/logo-gualchieri-e-gualchieri-social.jpg","type":"image\/jpeg"}],"twitter_card":"summary_large_image","twitter_misc":{"Tahmini okuma s\u00fcresi":"1 dakika"},"schema":{"@context":"https:\/\/schema.org","@graph":[{"@type":"WebPage","@id":"https:\/\/gualchieriegualchieri.it\/tr\/iletisim\/","url":"https:\/\/gualchieriegualchieri.it\/tr\/iletisim\/","name":"\u0130leti\u015fim - Gualchieri &amp; Gualchieri","isPartOf":{"@id":"https:\/\/gualchieriegualchieri.it\/tr\/#website"},"datePublished":"2023-05-12T10:48:04+00:00","dateModified":"2024-05-17T10:39:13+00:00","description":"Contact Gualchieri & Gualchieri to find the most suitable textile machinery solution for your company","breadcrumb":{"@id":"https:\/\/gualchieriegualchieri.it\/tr\/iletisim\/#breadcrumb"},"inLanguage":"tr","potentialAction":[{"@type":"ReadAction","target":["https:\/\/gualchieriegualchieri.it\/tr\/iletisim\/"]}]},{"@type":"BreadcrumbList","@id":"https:\/\/gualchieriegualchieri.it\/tr\/iletisim\/#breadcrumb","itemListElement":[{"@type":"ListItem","position":1,"name":"Home","item":"https:\/\/gualchieriegualchieri.it\/tr\/"},{"@type":"ListItem","position":2,"name":"\u0130leti\u015fim"}]},{"@type":"WebSite","@id":"https:\/\/gualchieriegualchieri.it\/tr\/#website","url":"https:\/\/gualchieriegualchieri.it\/tr\/","name":"Gualchieri &amp; Gualchieri","description":"Fantezi, \u00f6zel ve \u015fenil iplikler i\u00e7in tekstil makineleri.","publisher":{"@id":"https:\/\/gualchieriegualchieri.it\/tr\/#organization"},"potentialAction":[{"@type":"SearchAction","target":{"@type":"EntryPoint","urlTemplate":"https:\/\/gualchieriegualchieri.it\/tr\/?s={search_term_string}"},"query-input":{"@type":"PropertyValueSpecification","valueRequired":true,"valueName":"search_term_string"}}],"inLanguage":"tr"},{"@type":"Organization","@id":"https:\/\/gualchieriegualchieri.it\/tr\/#organization","name":"Gualchieri & Gualchieri","alternateName":"G&G","url":"https:\/\/gualchieriegualchieri.it\/tr\/","logo":{"@type":"ImageObject","inLanguage":"tr","@id":"https:\/\/gualchieriegualchieri.it\/tr\/#\/schema\/logo\/image\/","url":"https:\/\/gualchieriegualchieri.it\/wp-content\/uploads\/2023\/06\/logo-gualchieri-e-gualchieri-quadrato.jpg","contentUrl":"https:\/\/gualchieriegualchieri.it\/wp-content\/uploads\/2023\/06\/logo-gualchieri-e-gualchieri-quadrato.jpg","width":696,"height":696,"caption":"Gualchieri & Gualchieri"},"image":{"@id":"https:\/\/gualchieriegualchieri.it\/tr\/#\/schema\/logo\/image\/"}}]}},"_links":{"self":[{"href":"https:\/\/gualchieriegualchieri.it\/tr\/wp-json\/wp\/v2\/pages\/1871","targetHints":{"allow":["GET"]}}],"collection":[{"href":"https:\/\/gualchieriegualchieri.it\/tr\/wp-json\/wp\/v2\/pages"}],"about":[{"href":"https:\/\/gualchieriegualchieri.it\/tr\/wp-json\/wp\/v2\/types\/page"}],"author":[{"embeddable":true,"href":"https:\/\/gualchieriegualchieri.it\/tr\/wp-json\/wp\/v2\/users\/1"}],"replies":[{"embeddable":true,"href":"https:\/\/gualchieriegualchieri.it\/tr\/wp-json\/wp\/v2\/comments?post=1871"}],"version-history":[{"count":2,"href":"https:\/\/gualchieriegualchieri.it\/tr\/wp-json\/wp\/v2\/pages\/1871\/revisions"}],"predecessor-version":[{"id":1985,"href":"https:\/\/gualchieriegualchieri.it\/tr\/wp-json\/wp\/v2\/pages\/1871\/revisions\/1985"}],"wp:attachment":[{"href":"https:\/\/gualchieriegualchieri.it\/tr\/wp-json\/wp\/v2\/media?parent=1871"}],"curies":[{"name":"wp","href":"https:\/\/api.w.org\/{rel}","templated":true}]}}