{"id":1869,"date":"2023-05-12T12:48:12","date_gmt":"2023-05-12T10:48:12","guid":{"rendered":"https:\/\/gualchieriegualchieri.it\/services\/"},"modified":"2024-05-17T12:53:16","modified_gmt":"2024-05-17T10:53:16","slug":"servisler","status":"publish","type":"page","link":"https:\/\/gualchieriegualchieri.it\/tr\/servisler\/","title":{"rendered":"Servisler"},"content":{"rendered":"\t\t<div data-elementor-type=\"wp-page\" data-elementor-id=\"1869\" class=\"elementor elementor-1869 elementor-44\" data-elementor-post-type=\"page\">\n\t\t\t\t<div class=\"elementor-element elementor-element-2fdcdcb e-flex e-con-boxed e-con e-parent\" data-id=\"2fdcdcb\" data-element_type=\"container\" data-e-type=\"container\">\n\t\t\t\t\t<div class=\"e-con-inner\">\n\t\t\t\t<div class=\"elementor-element elementor-element-1107347 elementor-align-left elementor-widget elementor-widget-breadcrumbs\" data-id=\"1107347\" data-element_type=\"widget\" data-e-type=\"widget\" data-widget_type=\"breadcrumbs.default\">\n\t\t\t\t<div class=\"elementor-widget-container\">\n\t\t\t\t\t<nav id=\"breadcrumbs\"><span><span><a href=\"https:\/\/gualchieriegualchieri.it\/tr\/\">Home<\/a><\/span><\/span><\/nav>\t\t\t\t<\/div>\n\t\t\t\t<\/div>\n\t\t\t\t<div class=\"elementor-element elementor-element-13239c5 elementor-widget elementor-widget-heading\" data-id=\"13239c5\" data-element_type=\"widget\" data-e-type=\"widget\" data-settings=\"{&quot;_animation_mobile&quot;:&quot;none&quot;}\" data-widget_type=\"heading.default\">\n\t\t\t\t<div class=\"elementor-widget-container\">\n\t\t\t\t\t<h1 class=\"elementor-heading-title elementor-size-default\">SERV\u0130SLER<\/h1>\t\t\t\t<\/div>\n\t\t\t\t<\/div>\n\t\t\t\t<div class=\"elementor-element elementor-element-a8a7375 elementor-widget__width-initial elementor-widget-mobile__width-inherit elementor-widget elementor-widget-heading\" data-id=\"a8a7375\" data-element_type=\"widget\" data-e-type=\"widget\" data-widget_type=\"heading.default\">\n\t\t\t\t<div class=\"elementor-widget-container\">\n\t\t\t\t\t<p class=\"elementor-heading-title elementor-size-default\">M\u00fc\u015fterilerimizin faaliyetlerini kolayla\u015ft\u0131rmak i\u00e7in bir\u00e7ok hizmet mevcuttur<\/p>\t\t\t\t<\/div>\n\t\t\t\t<\/div>\n\t\t\t\t<div class=\"elementor-element elementor-element-8d1756d elementor-grid-1 elementor-grid-tablet-1 elementor-widget-mobile__width-initial elementor-grid-mobile-1 elementor-widget elementor-widget-loop-grid\" data-id=\"8d1756d\" data-element_type=\"widget\" data-e-type=\"widget\" data-settings=\"{&quot;columns&quot;:1,&quot;columns_tablet&quot;:1,&quot;row_gap_tablet&quot;:{&quot;unit&quot;:&quot;px&quot;,&quot;size&quot;:30,&quot;sizes&quot;:[]},&quot;row_gap_mobile&quot;:{&quot;unit&quot;:&quot;px&quot;,&quot;size&quot;:50,&quot;sizes&quot;:[]},&quot;row_gap&quot;:{&quot;unit&quot;:&quot;px&quot;,&quot;size&quot;:50,&quot;sizes&quot;:[]},&quot;template_id&quot;:1886,&quot;_skin&quot;:&quot;post&quot;,&quot;columns_mobile&quot;:&quot;1&quot;,&quot;edit_handle_selector&quot;:&quot;[data-elementor-type=\\&quot;loop-item\\&quot;]&quot;}\" data-widget_type=\"loop-grid.post\">\n\t\t\t\t<div class=\"elementor-widget-container\">\n\t\t\t\t\t\t\t<div class=\"elementor-loop-container elementor-grid\">\n\t\t<style id=\"loop-1886\">.elementor-1886 .elementor-element.elementor-element-761d417{--display:flex;--padding-top:0px;--padding-bottom:0px;--padding-left:0px;--padding-right:0px;}.elementor-widget-image-box .elementor-image-box-title{font-family:var( --e-global-typography-primary-font-family ), Sans-serif;font-size:var( --e-global-typography-primary-font-size );font-weight:var( --e-global-typography-primary-font-weight );text-transform:var( --e-global-typography-primary-text-transform );line-height:var( --e-global-typography-primary-line-height );color:var( --e-global-color-primary );}.elementor-widget-image-box:has(:hover) .elementor-image-box-title,\n\t\t\t\t\t .elementor-widget-image-box:has(:focus) .elementor-image-box-title{color:var( --e-global-color-primary );}.elementor-widget-image-box .elementor-image-box-description{font-family:var( --e-global-typography-text-font-family ), Sans-serif;font-size:var( --e-global-typography-text-font-size );font-weight:var( --e-global-typography-text-font-weight );text-transform:var( --e-global-typography-text-text-transform );color:var( --e-global-color-text );}.elementor-1886 .elementor-element.elementor-element-8387044 .elementor-image-box-wrapper{text-align:start;}.elementor-1886 .elementor-element.elementor-element-8387044.elementor-position-right .elementor-image-box-img{margin-left:30px;}.elementor-1886 .elementor-element.elementor-element-8387044.elementor-position-left .elementor-image-box-img{margin-right:30px;}.elementor-1886 .elementor-element.elementor-element-8387044.elementor-position-top .elementor-image-box-img{margin-bottom:30px;}.elementor-1886 .elementor-element.elementor-element-8387044 .elementor-image-box-title{margin-bottom:20px;font-family:\"Ubuntu\", Sans-serif;font-size:clamp(1.75rem, 1.625rem + 0.5vw, 2rem);font-weight:700;text-transform:uppercase;line-height:1.2em;}.elementor-1886 .elementor-element.elementor-element-8387044 .elementor-image-box-wrapper .elementor-image-box-img{width:50%;}.elementor-1886 .elementor-element.elementor-element-8387044 .elementor-image-box-img img{border-style:solid;border-width:15px 15px 15px 15px;border-color:var( --e-global-color-5017cd4 );border-radius:50%;transition-duration:0.3s;}.elementor-1886 .elementor-element.elementor-element-8387044 .elementor-image-box-description{font-family:var( --e-global-typography-text-font-family ), Sans-serif;font-size:var( --e-global-typography-text-font-size );font-weight:var( --e-global-typography-text-font-weight );text-transform:var( --e-global-typography-text-text-transform );color:var( --e-global-color-secondary );}.elementor-1886 .elementor-element.elementor-element-8387044 > .elementor-widget-container{margin:0px 0px 0px 0px;padding:0px 0px 0px 0px;}.elementor-1886 .elementor-element.elementor-element-8387044{z-index:1;}@media(max-width:1024px){.elementor-widget-image-box .elementor-image-box-title{font-size:var( --e-global-typography-primary-font-size );line-height:var( --e-global-typography-primary-line-height );}.elementor-widget-image-box .elementor-image-box-description{font-size:var( --e-global-typography-text-font-size );}.elementor-1886 .elementor-element.elementor-element-8387044.elementor-position-right .elementor-image-box-img{margin-left:20px;}.elementor-1886 .elementor-element.elementor-element-8387044.elementor-position-left .elementor-image-box-img{margin-right:20px;}.elementor-1886 .elementor-element.elementor-element-8387044.elementor-position-top .elementor-image-box-img{margin-bottom:20px;}.elementor-1886 .elementor-element.elementor-element-8387044 .elementor-image-box-img img{border-width:10px 10px 10px 10px;}.elementor-1886 .elementor-element.elementor-element-8387044 .elementor-image-box-description{font-size:var( --e-global-typography-text-font-size );}.elementor-1886 .elementor-element.elementor-element-8387044 > .elementor-widget-container{margin:0px 0px 0px 0px;padding:20px 0px 30px 0px;}}@media(max-width:767px){.elementor-widget-image-box .elementor-image-box-title{font-size:var( --e-global-typography-primary-font-size );line-height:var( --e-global-typography-primary-line-height );}.elementor-widget-image-box .elementor-image-box-description{font-size:var( --e-global-typography-text-font-size );}.elementor-1886 .elementor-element.elementor-element-8387044 .elementor-image-box-wrapper{text-align:start;}.elementor-1886 .elementor-element.elementor-element-8387044 .elementor-image-box-img{margin-bottom:0px;}.elementor-1886 .elementor-element.elementor-element-8387044.elementor-position-right .elementor-image-box-img{margin-left:0px;}.elementor-1886 .elementor-element.elementor-element-8387044.elementor-position-left .elementor-image-box-img{margin-right:0px;}.elementor-1886 .elementor-element.elementor-element-8387044.elementor-position-top .elementor-image-box-img{margin-bottom:0px;}.elementor-1886 .elementor-element.elementor-element-8387044 .elementor-image-box-title{margin-bottom:10px;}.elementor-1886 .elementor-element.elementor-element-8387044 .elementor-image-box-wrapper .elementor-image-box-img{width:100%;}.elementor-1886 .elementor-element.elementor-element-8387044 .elementor-image-box-description{font-size:var( --e-global-typography-text-font-size );}.elementor-1886 .elementor-element.elementor-element-8387044 > .elementor-widget-container{padding:20px 20px 20px 20px;}}\/* Start custom CSS for image-box, class: .elementor-element-8387044 *\/@media (min-width: 1025px){\n    .elementor-1886 .elementor-element.elementor-element-8387044 .elementor-image-box-content{\n        padding-top: 20px!important;\n        padding-bottom: 20px!important;\n    }\n}\/* End custom CSS *\/<\/style>\t\t<div data-elementor-type=\"loop-item\" data-elementor-id=\"1886\" class=\"elementor elementor-1886 elementor-425 e-loop-item e-loop-item-1897 post-1897 servizi type-servizi status-publish has-post-thumbnail hentry\" data-elementor-post-type=\"elementor_library\" data-custom-edit-handle=\"1\">\n\t\t\t<div class=\"elementor-element elementor-element-761d417 e-con-full card-servizio e-flex e-con e-parent\" data-id=\"761d417\" data-element_type=\"container\" data-e-type=\"container\">\n\t\t\t\t<div class=\"elementor-element elementor-element-8387044 elementor-position-left elementor-vertical-align-middle dce_masking-none elementor-widget elementor-widget-image-box\" data-id=\"8387044\" data-element_type=\"widget\" data-e-type=\"widget\" data-widget_type=\"image-box.default\">\n\t\t\t\t<div class=\"elementor-widget-container\">\n\t\t\t\t\t<div class=\"elementor-image-box-wrapper\"><figure class=\"elementor-image-box-img\"><img fetchpriority=\"high\" decoding=\"async\" width=\"336\" height=\"336\" src=\"https:\/\/gualchieriegualchieri.it\/wp-content\/uploads\/2023\/05\/Servizi_sala_campionari-copia2.webp\" class=\"attachment-full size-full wp-image-1898\" alt=\"\" \/><\/figure><div class=\"elementor-image-box-content\"><h2 class=\"elementor-image-box-title\"><span>SERV\u0130SLER <\/span>Deneme odasi<\/h2><p class=\"elementor-image-box-description\"><span style=\"font-weight: 400\">M\u00fc\u015fterilerimizin taraf\u0131m\u0131zdan \u00fcretilen farkl\u0131 makine modellerini g\u00f6rmeleri ve kalite ve performanslar\u0131n\u0131 do\u011frudan test etmeleri i\u00e7in \u015firketimizde bir deneme odas\u0131 mevcuttur. Randevu ile k\u00fc\u00e7\u00fck miktarlarda iplik numuneleri geli\u015ftirmek m\u00fcmk\u00fcnd\u00fcr.<\/span><\/p><\/div><\/div>\t\t\t\t<\/div>\n\t\t\t\t<\/div>\n\t\t\t\t<\/div>\n\t\t\t\t<\/div>\n\t\t\t\t<div data-elementor-type=\"loop-item\" data-elementor-id=\"1886\" class=\"elementor elementor-1886 elementor-425 e-loop-item e-loop-item-1899 post-1899 servizi type-servizi status-publish has-post-thumbnail hentry\" data-elementor-post-type=\"elementor_library\" data-custom-edit-handle=\"1\">\n\t\t\t<div class=\"elementor-element elementor-element-761d417 e-con-full card-servizio e-flex e-con e-parent\" data-id=\"761d417\" data-element_type=\"container\" data-e-type=\"container\">\n\t\t\t\t<div class=\"elementor-element elementor-element-8387044 elementor-position-left elementor-vertical-align-middle dce_masking-none elementor-widget elementor-widget-image-box\" data-id=\"8387044\" data-element_type=\"widget\" data-e-type=\"widget\" data-widget_type=\"image-box.default\">\n\t\t\t\t<div class=\"elementor-widget-container\">\n\t\t\t\t\t<div class=\"elementor-image-box-wrapper\"><figure class=\"elementor-image-box-img\"><img decoding=\"async\" width=\"336\" height=\"336\" src=\"https:\/\/gualchieriegualchieri.it\/wp-content\/uploads\/2023\/05\/Servizi_software_gestione.webp\" class=\"attachment-full size-full wp-image-1900\" alt=\"\" \/><\/figure><div class=\"elementor-image-box-content\"><h2 class=\"elementor-image-box-title\"><span>SERV\u0130SLER <\/span>\u00dcretim kontrol\u00fc<\/h2><p class=\"elementor-image-box-description\"><span style=\"font-weight: 400\">\u00dcRET\u0130M KONTROL yaz\u0131l\u0131m\u0131 her makinenin \u00fcretim verilerini ger\u00e7ek zamanl\u0131 olarak kontrol eder. Asl\u0131nda, bu yaz\u0131l\u0131m sayesinde \u00fcretim programlar\u0131n\u0131, \u00fcretilen metre (veya kilo) ipli\u011fi ve makine duru\u015f s\u00fcrelerini uzaktaki bir bilgisayardan veya farkl\u0131 bir cihazdan kontrol etmek m\u00fcmk\u00fcnd\u00fcr. Bu sayede M\u00fc\u015fteri, \u00fcretimini ofislerinden kolayca izleyebilir.<\/span><\/p><\/div><\/div>\t\t\t\t<\/div>\n\t\t\t\t<\/div>\n\t\t\t\t<\/div>\n\t\t\t\t<\/div>\n\t\t\t\t<div data-elementor-type=\"loop-item\" data-elementor-id=\"1886\" class=\"elementor elementor-1886 elementor-425 e-loop-item e-loop-item-1901 post-1901 servizi type-servizi status-publish has-post-thumbnail hentry\" data-elementor-post-type=\"elementor_library\" data-custom-edit-handle=\"1\">\n\t\t\t<div class=\"elementor-element elementor-element-761d417 e-con-full card-servizio e-flex e-con e-parent\" data-id=\"761d417\" data-element_type=\"container\" data-e-type=\"container\">\n\t\t\t\t<div class=\"elementor-element elementor-element-8387044 elementor-position-left elementor-vertical-align-middle dce_masking-none elementor-widget elementor-widget-image-box\" data-id=\"8387044\" data-element_type=\"widget\" data-e-type=\"widget\" data-widget_type=\"image-box.default\">\n\t\t\t\t<div class=\"elementor-widget-container\">\n\t\t\t\t\t<div class=\"elementor-image-box-wrapper\"><figure class=\"elementor-image-box-img\"><img decoding=\"async\" width=\"336\" height=\"336\" src=\"https:\/\/gualchieriegualchieri.it\/wp-content\/uploads\/2023\/05\/Servizi-teleassistenza.webp\" class=\"attachment-full size-full wp-image-1870\" alt=\"\" \/><\/figure><div class=\"elementor-image-box-content\"><h2 class=\"elementor-image-box-title\"><span>SERV\u0130SLER <\/span>Uzaktan kumanda<\/h2><p class=\"elementor-image-box-description\"><span style=\"font-weight: 400\">UZAKTAN KONTROL, teknisyenlerinin m\u00fc\u015fterinin makinesinde kurulu PC ve PLC \u00fczerinde uzaktan i\u015flem yapmas\u0131na olanak tan\u0131yan uzak bir PC'den sa\u011flanan ek bir hizmettir. Bu \u015fekilde, teknisyenlerinin yerinde m\u00fcdahalelerinden ka\u00e7\u0131nmak ve dolay\u0131s\u0131yla sorunlar\u0131 b\u00fcy\u00fck bir zaman ve maliyet tasarrufu ile \u00e7\u00f6zmek m\u00fcmk\u00fcnd\u00fcr. Bu hizmet tamamen teknisyenlerimiz taraf\u0131ndan organize edilmekte ve y\u00f6netilmektedir. Makinelere y\u00fcklenen yaz\u0131l\u0131m, m\u00fc\u015fterinin do\u011frudan bilgisayardan uzaktan yard\u0131m talep etmesini ve teknisyenlerinin makineye eri\u015fmesini sa\u011flar. Teknisyenlerimizin makinelere yaln\u0131zca m\u00fc\u015fteri taraf\u0131ndan uzaktan yard\u0131m talep edilmi\u015f ve yetkilendirilmi\u015f eri\u015febilece\u011fini belirtmek \u00f6nemlidir. Bu \u015fekilde m\u00fc\u015fterilerin veri gizlili\u011fi garanti alt\u0131na al\u0131nmaktad\u0131r.<\/span><\/p><\/div><\/div>\t\t\t\t<\/div>\n\t\t\t\t<\/div>\n\t\t\t\t<\/div>\n\t\t\t\t<\/div>\n\t\t\t\t<div data-elementor-type=\"loop-item\" data-elementor-id=\"1886\" class=\"elementor elementor-1886 elementor-425 e-loop-item e-loop-item-1902 post-1902 servizi type-servizi status-publish has-post-thumbnail hentry\" data-elementor-post-type=\"elementor_library\" data-custom-edit-handle=\"1\">\n\t\t\t<div class=\"elementor-element elementor-element-761d417 e-con-full card-servizio e-flex e-con e-parent\" data-id=\"761d417\" data-element_type=\"container\" data-e-type=\"container\">\n\t\t\t\t<div class=\"elementor-element elementor-element-8387044 elementor-position-left elementor-vertical-align-middle dce_masking-none elementor-widget elementor-widget-image-box\" data-id=\"8387044\" data-element_type=\"widget\" data-e-type=\"widget\" data-widget_type=\"image-box.default\">\n\t\t\t\t<div class=\"elementor-widget-container\">\n\t\t\t\t\t<div class=\"elementor-image-box-wrapper\"><figure class=\"elementor-image-box-img\"><img loading=\"lazy\" decoding=\"async\" width=\"336\" height=\"336\" src=\"https:\/\/gualchieriegualchieri.it\/wp-content\/uploads\/2023\/05\/Servizi_ricambi_rapidi.webp\" class=\"attachment-full size-full wp-image-1903\" alt=\"\" \/><\/figure><div class=\"elementor-image-box-content\"><h2 class=\"elementor-image-box-title\"><span>SERV\u0130SLER <\/span>Yedek par\u00e7alar<\/h2><p class=\"elementor-image-box-description\"><span style=\"font-weight: 400\">D\u00fcnyan\u0131n her yerinde yedek par\u00e7a ve aksesuarlar\u0131 h\u0131zl\u0131 bir \u015fekilde tedarik edebiliyoruz. Taraf\u0131m\u0131zdan \u00fcretilen t\u00fcm makinelerin mekanik ve elektronik bile\u015fenleri bizde mevcuttur. Uygun yedek par\u00e7a \u00f6nermek, maliyet ve teslimat s\u00fcresini bildirmek i\u00e7in her zaman m\u00fc\u015fterilerimizin hizmetindeyiz.<\/span><\/p><\/div><\/div>\t\t\t\t<\/div>\n\t\t\t\t<\/div>\n\t\t\t\t<\/div>\n\t\t\t\t<\/div>\n\t\t\t\t<\/div>\n\t\t\n\t\t\t\t\t\t<\/div>\n\t\t\t\t<\/div>\n\t\t\t\t\t<\/div>\n\t\t\t\t<\/div>\n\t\t\t\t<\/div>\n\t\t","protected":false},"excerpt":{"rendered":"<p>SERV\u0130SLER M\u00fc\u015fterilerimizin faaliyetlerini kolayla\u015ft\u0131rmak i\u00e7in bir\u00e7ok hizmet mevcuttur<\/p>\n","protected":false},"author":1,"featured_media":0,"parent":0,"menu_order":0,"comment_status":"closed","ping_status":"closed","template":"","meta":{"_acf_changed":false,"inline_featured_image":false,"footnotes":""},"class_list":["post-1869","page","type-page","status-publish","hentry"],"acf":[],"yoast_head":"<!-- This site is optimized with the Yoast SEO plugin v27.4 - https:\/\/yoast.com\/product\/yoast-seo-wordpress\/ -->\n<title>Servisler - Gualchieri &amp; Gualchieri<\/title>\n<meta name=\"description\" content=\"Gualchieri &amp; Gualchieri offers many services to facilitate the production activities of customers such as a sample room and quick spare parts\" \/>\n<meta name=\"robots\" content=\"index, follow, max-snippet:-1, max-image-preview:large, max-video-preview:-1\" \/>\n<link rel=\"canonical\" href=\"https:\/\/gualchieriegualchieri.it\/tr\/servisler\/\" \/>\n<meta property=\"og:locale\" content=\"tr_TR\" \/>\n<meta property=\"og:type\" content=\"article\" \/>\n<meta property=\"og:title\" content=\"Servisler - Gualchieri &amp; Gualchieri\" \/>\n<meta property=\"og:description\" content=\"Gualchieri &amp; Gualchieri offers many services to facilitate the production activities of customers such as a sample room and quick spare parts\" \/>\n<meta property=\"og:url\" content=\"https:\/\/gualchieriegualchieri.it\/tr\/servisler\/\" \/>\n<meta property=\"og:site_name\" content=\"Gualchieri &amp; Gualchieri\" \/>\n<meta property=\"article:modified_time\" content=\"2024-05-17T10:53:16+00:00\" \/>\n<meta property=\"og:image\" content=\"https:\/\/gualchieriegualchieri.it\/wp-content\/uploads\/2023\/06\/logo-gualchieri-e-gualchieri-social.jpg\" \/>\n\t<meta property=\"og:image:width\" content=\"1200\" \/>\n\t<meta property=\"og:image:height\" content=\"675\" \/>\n\t<meta property=\"og:image:type\" content=\"image\/jpeg\" \/>\n<meta name=\"twitter:card\" content=\"summary_large_image\" \/>\n<meta name=\"twitter:label1\" content=\"Tahmini okuma s\u00fcresi\" \/>\n\t<meta name=\"twitter:data1\" content=\"5 dakika\" \/>\n<script type=\"application\/ld+json\" class=\"yoast-schema-graph\">{\"@context\":\"https:\\\/\\\/schema.org\",\"@graph\":[{\"@type\":\"WebPage\",\"@id\":\"https:\\\/\\\/gualchieriegualchieri.it\\\/tr\\\/servisler\\\/\",\"url\":\"https:\\\/\\\/gualchieriegualchieri.it\\\/tr\\\/servisler\\\/\",\"name\":\"Servisler - Gualchieri &amp; Gualchieri\",\"isPartOf\":{\"@id\":\"https:\\\/\\\/gualchieriegualchieri.it\\\/tr\\\/#website\"},\"datePublished\":\"2023-05-12T10:48:12+00:00\",\"dateModified\":\"2024-05-17T10:53:16+00:00\",\"description\":\"Gualchieri & Gualchieri offers many services to facilitate the production activities of customers such as a sample room and quick spare parts\",\"breadcrumb\":{\"@id\":\"https:\\\/\\\/gualchieriegualchieri.it\\\/tr\\\/servisler\\\/#breadcrumb\"},\"inLanguage\":\"tr\",\"potentialAction\":[{\"@type\":\"ReadAction\",\"target\":[\"https:\\\/\\\/gualchieriegualchieri.it\\\/tr\\\/servisler\\\/\"]}]},{\"@type\":\"BreadcrumbList\",\"@id\":\"https:\\\/\\\/gualchieriegualchieri.it\\\/tr\\\/servisler\\\/#breadcrumb\",\"itemListElement\":[{\"@type\":\"ListItem\",\"position\":1,\"name\":\"Home\",\"item\":\"https:\\\/\\\/gualchieriegualchieri.it\\\/tr\\\/\"},{\"@type\":\"ListItem\",\"position\":2,\"name\":\"Servisler\"}]},{\"@type\":\"WebSite\",\"@id\":\"https:\\\/\\\/gualchieriegualchieri.it\\\/tr\\\/#website\",\"url\":\"https:\\\/\\\/gualchieriegualchieri.it\\\/tr\\\/\",\"name\":\"Gualchieri &amp; Gualchieri\",\"description\":\"Fantezi, \u00f6zel ve \u015fenil iplikler i\u00e7in tekstil makineleri.\",\"publisher\":{\"@id\":\"https:\\\/\\\/gualchieriegualchieri.it\\\/tr\\\/#organization\"},\"potentialAction\":[{\"@type\":\"SearchAction\",\"target\":{\"@type\":\"EntryPoint\",\"urlTemplate\":\"https:\\\/\\\/gualchieriegualchieri.it\\\/tr\\\/?s={search_term_string}\"},\"query-input\":{\"@type\":\"PropertyValueSpecification\",\"valueRequired\":true,\"valueName\":\"search_term_string\"}}],\"inLanguage\":\"tr\"},{\"@type\":\"Organization\",\"@id\":\"https:\\\/\\\/gualchieriegualchieri.it\\\/tr\\\/#organization\",\"name\":\"Gualchieri & Gualchieri\",\"alternateName\":\"G&G\",\"url\":\"https:\\\/\\\/gualchieriegualchieri.it\\\/tr\\\/\",\"logo\":{\"@type\":\"ImageObject\",\"inLanguage\":\"tr\",\"@id\":\"https:\\\/\\\/gualchieriegualchieri.it\\\/tr\\\/#\\\/schema\\\/logo\\\/image\\\/\",\"url\":\"https:\\\/\\\/gualchieriegualchieri.it\\\/wp-content\\\/uploads\\\/2023\\\/06\\\/logo-gualchieri-e-gualchieri-quadrato.jpg\",\"contentUrl\":\"https:\\\/\\\/gualchieriegualchieri.it\\\/wp-content\\\/uploads\\\/2023\\\/06\\\/logo-gualchieri-e-gualchieri-quadrato.jpg\",\"width\":696,\"height\":696,\"caption\":\"Gualchieri & Gualchieri\"},\"image\":{\"@id\":\"https:\\\/\\\/gualchieriegualchieri.it\\\/tr\\\/#\\\/schema\\\/logo\\\/image\\\/\"}}]}<\/script>\n<!-- \/ Yoast SEO plugin. -->","yoast_head_json":{"title":"Servisler - Gualchieri &amp; Gualchieri","description":"Gualchieri & Gualchieri offers many services to facilitate the production activities of customers such as a sample room and quick spare parts","robots":{"index":"index","follow":"follow","max-snippet":"max-snippet:-1","max-image-preview":"max-image-preview:large","max-video-preview":"max-video-preview:-1"},"canonical":"https:\/\/gualchieriegualchieri.it\/tr\/servisler\/","og_locale":"tr_TR","og_type":"article","og_title":"Servisler - Gualchieri &amp; Gualchieri","og_description":"Gualchieri & Gualchieri offers many services to facilitate the production activities of customers such as a sample room and quick spare parts","og_url":"https:\/\/gualchieriegualchieri.it\/tr\/servisler\/","og_site_name":"Gualchieri &amp; Gualchieri","article_modified_time":"2024-05-17T10:53:16+00:00","og_image":[{"width":1200,"height":675,"url":"https:\/\/gualchieriegualchieri.it\/wp-content\/uploads\/2023\/06\/logo-gualchieri-e-gualchieri-social.jpg","type":"image\/jpeg"}],"twitter_card":"summary_large_image","twitter_misc":{"Tahmini okuma s\u00fcresi":"5 dakika"},"schema":{"@context":"https:\/\/schema.org","@graph":[{"@type":"WebPage","@id":"https:\/\/gualchieriegualchieri.it\/tr\/servisler\/","url":"https:\/\/gualchieriegualchieri.it\/tr\/servisler\/","name":"Servisler - Gualchieri &amp; Gualchieri","isPartOf":{"@id":"https:\/\/gualchieriegualchieri.it\/tr\/#website"},"datePublished":"2023-05-12T10:48:12+00:00","dateModified":"2024-05-17T10:53:16+00:00","description":"Gualchieri & Gualchieri offers many services to facilitate the production activities of customers such as a sample room and quick spare parts","breadcrumb":{"@id":"https:\/\/gualchieriegualchieri.it\/tr\/servisler\/#breadcrumb"},"inLanguage":"tr","potentialAction":[{"@type":"ReadAction","target":["https:\/\/gualchieriegualchieri.it\/tr\/servisler\/"]}]},{"@type":"BreadcrumbList","@id":"https:\/\/gualchieriegualchieri.it\/tr\/servisler\/#breadcrumb","itemListElement":[{"@type":"ListItem","position":1,"name":"Home","item":"https:\/\/gualchieriegualchieri.it\/tr\/"},{"@type":"ListItem","position":2,"name":"Servisler"}]},{"@type":"WebSite","@id":"https:\/\/gualchieriegualchieri.it\/tr\/#website","url":"https:\/\/gualchieriegualchieri.it\/tr\/","name":"Gualchieri &amp; Gualchieri","description":"Fantezi, \u00f6zel ve \u015fenil iplikler i\u00e7in tekstil makineleri.","publisher":{"@id":"https:\/\/gualchieriegualchieri.it\/tr\/#organization"},"potentialAction":[{"@type":"SearchAction","target":{"@type":"EntryPoint","urlTemplate":"https:\/\/gualchieriegualchieri.it\/tr\/?s={search_term_string}"},"query-input":{"@type":"PropertyValueSpecification","valueRequired":true,"valueName":"search_term_string"}}],"inLanguage":"tr"},{"@type":"Organization","@id":"https:\/\/gualchieriegualchieri.it\/tr\/#organization","name":"Gualchieri & Gualchieri","alternateName":"G&G","url":"https:\/\/gualchieriegualchieri.it\/tr\/","logo":{"@type":"ImageObject","inLanguage":"tr","@id":"https:\/\/gualchieriegualchieri.it\/tr\/#\/schema\/logo\/image\/","url":"https:\/\/gualchieriegualchieri.it\/wp-content\/uploads\/2023\/06\/logo-gualchieri-e-gualchieri-quadrato.jpg","contentUrl":"https:\/\/gualchieriegualchieri.it\/wp-content\/uploads\/2023\/06\/logo-gualchieri-e-gualchieri-quadrato.jpg","width":696,"height":696,"caption":"Gualchieri & Gualchieri"},"image":{"@id":"https:\/\/gualchieriegualchieri.it\/tr\/#\/schema\/logo\/image\/"}}]}},"_links":{"self":[{"href":"https:\/\/gualchieriegualchieri.it\/tr\/wp-json\/wp\/v2\/pages\/1869","targetHints":{"allow":["GET"]}}],"collection":[{"href":"https:\/\/gualchieriegualchieri.it\/tr\/wp-json\/wp\/v2\/pages"}],"about":[{"href":"https:\/\/gualchieriegualchieri.it\/tr\/wp-json\/wp\/v2\/types\/page"}],"author":[{"embeddable":true,"href":"https:\/\/gualchieriegualchieri.it\/tr\/wp-json\/wp\/v2\/users\/1"}],"replies":[{"embeddable":true,"href":"https:\/\/gualchieriegualchieri.it\/tr\/wp-json\/wp\/v2\/comments?post=1869"}],"version-history":[{"count":4,"href":"https:\/\/gualchieriegualchieri.it\/tr\/wp-json\/wp\/v2\/pages\/1869\/revisions"}],"predecessor-version":[{"id":2007,"href":"https:\/\/gualchieriegualchieri.it\/tr\/wp-json\/wp\/v2\/pages\/1869\/revisions\/2007"}],"wp:attachment":[{"href":"https:\/\/gualchieriegualchieri.it\/tr\/wp-json\/wp\/v2\/media?parent=1869"}],"curies":[{"name":"wp","href":"https:\/\/api.w.org\/{rel}","templated":true}]}}