{"id":1863,"date":"2023-06-09T20:40:13","date_gmt":"2023-06-09T18:40:13","guid":{"rendered":"https:\/\/gualchieriegualchieri.it\/cookie-policy\/"},"modified":"2024-05-17T17:05:05","modified_gmt":"2024-05-17T15:05:05","slug":"cookie-policy","status":"publish","type":"page","link":"https:\/\/gualchieriegualchieri.it\/tr\/cookie-policy\/","title":{"rendered":"\u00c7erez Politikas\u0131"},"content":{"rendered":"\t\t<div data-elementor-type=\"wp-page\" data-elementor-id=\"1863\" class=\"elementor elementor-1863 elementor-1696\" data-elementor-post-type=\"page\">\n\t\t\t\t<div class=\"elementor-element elementor-element-7a6a975 e-flex e-con-boxed e-con e-parent\" data-id=\"7a6a975\" data-element_type=\"container\" data-e-type=\"container\">\n\t\t\t\t\t<div class=\"e-con-inner\">\n\t\t\t\t<div class=\"elementor-element elementor-element-e05a034 elementor-widget elementor-widget-heading\" data-id=\"e05a034\" data-element_type=\"widget\" data-e-type=\"widget\" data-widget_type=\"heading.default\">\n\t\t\t\t<div class=\"elementor-widget-container\">\n\t\t\t\t\t<h1 class=\"elementor-heading-title elementor-size-default\">Cookie Policy<\/h1>\t\t\t\t<\/div>\n\t\t\t\t<\/div>\n\t\t\t\t<div class=\"elementor-element elementor-element-a44f2ff elementor-widget elementor-widget-text-editor\" data-id=\"a44f2ff\" data-element_type=\"widget\" data-e-type=\"widget\" data-widget_type=\"text-editor.default\">\n\t\t\t\t<div class=\"elementor-widget-container\">\n\t\t\t\t\t\t\t\t\t<p>Son G\u00fcncelleme : 09-Haziran-2023<\/p><h5>\u00c7erez nedir?<\/h5><div class=\"cookie-policy-p\"><p>Bu \u00c7erez Politikas\u0131, \u00e7erezlerin ne oldu\u011funu ve bunlar\u0131 nas\u0131l kulland\u0131\u011f\u0131m\u0131z\u0131, kulland\u0131\u011f\u0131m\u0131z \u00e7erez t\u00fcrlerini, yani \u00e7erezleri kullanarak toplad\u0131\u011f\u0131m\u0131z bilgileri ve bu bilgilerin nas\u0131l kullan\u0131ld\u0131\u011f\u0131n\u0131 ve \u00e7erez ayarlar\u0131n\u0131n nas\u0131l y\u00f6netilece\u011fini a\u00e7\u0131klar.<\/p><p>\u00c7erezler, k\u00fc\u00e7\u00fck bilgi par\u00e7alar\u0131n\u0131 saklamak i\u00e7in kullan\u0131lan k\u00fc\u00e7\u00fck metin dosyalar\u0131d\u0131r. Web sitesi taray\u0131c\u0131n\u0131za y\u00fcklendi\u011finde cihaz\u0131n\u0131zda saklan\u0131rlar. Bu \u00e7erezler, web sitesinin d\u00fczg\u00fcn \u00e7al\u0131\u015fmas\u0131n\u0131 sa\u011flamam\u0131za, daha g\u00fcvenli hale getirmemize, daha iyi kullan\u0131c\u0131 deneyimi sunmam\u0131za ve web sitesinin nas\u0131l performans g\u00f6sterdi\u011fini anlamam\u0131za ve neyin i\u015fe yarad\u0131\u011f\u0131n\u0131 ve nerede iyile\u015ftirilmesi gerekti\u011fini analiz etmemize yard\u0131mc\u0131 olur.<\/p><\/div><h5>\u00c7erezleri nas\u0131l kullan\u0131yoruz?<\/h5><div class=\"cookie-policy-p\"><p>\u00c7evrimi\u00e7i hizmetlerin \u00e7o\u011funda oldu\u011fu gibi, web sitemiz de \u00e7e\u015fitli ama\u00e7lar i\u00e7in birinci taraf ve \u00fc\u00e7\u00fcnc\u00fc taraf \u00e7erezleri kullan\u0131r. Birinci taraf \u00e7erezleri \u00e7o\u011funlukla web sitesinin do\u011fru \u015fekilde \u00e7al\u0131\u015fmas\u0131 i\u00e7in gereklidir ve ki\u015fisel olarak tan\u0131mlanabilir verilerinizi toplamazlar.<\/p><p>Web sitemizde kullan\u0131lan \u00fc\u00e7\u00fcnc\u00fc taraf \u00e7erezleri, temel olarak web sitesinin nas\u0131l \u00e7al\u0131\u015ft\u0131\u011f\u0131n\u0131, web sitemizle nas\u0131l etkile\u015fimde bulundu\u011funuzu anlamak, hizmetlerimizi g\u00fcvende tutmak, sizinle alakal\u0131 reklamlar sunmak ve sonu\u00e7 olarak size daha iyi ve geli\u015fmi\u015f bir kullan\u0131c\u0131 deneyimi sa\u011flamak ve web sitemizle gelecekteki etkile\u015fimlerinizi h\u0131zland\u0131rmaya yard\u0131mc\u0131 olmak i\u00e7indir.<\/p><p>Kulland\u0131\u011f\u0131m\u0131z \u00c7erez T\u00fcrleri<\/p><\/div><div class=\"cky-audit-table-element\">\u00a0<\/div><h5 style=\"margin-bottom: 20px;\">\u00c7erez tercihlerini y\u00f6netme<\/h5><p><a class=\"cky-banner-element\">\u00c7erez Ayarlar\u0131<\/a><\/p><div><p>Yukar\u0131daki d\u00fc\u011fmeye t\u0131klayarak \u00e7erez tercihlerinizi istedi\u011finiz zaman de\u011fi\u015ftirebilirsiniz. Bu, \u00e7erez onay\u0131 ba\u015fl\u0131\u011f\u0131n\u0131 tekrar ziyaret etmenize ve tercihlerinizi de\u011fi\u015ftirmenize veya onay\u0131n\u0131z\u0131 hemen geri \u00e7ekmenize olanak tan\u0131r.<\/p><p>Buna ek olarak, farkl\u0131 taray\u0131c\u0131lar web siteleri taraf\u0131ndan kullan\u0131lan \u00e7erezleri engellemek ve silmek i\u00e7in farkl\u0131 y\u00f6ntemler sunar. \u00c7erezleri engellemek\/silmek i\u00e7in taray\u0131c\u0131n\u0131z\u0131n ayarlar\u0131n\u0131 de\u011fi\u015ftirebilirsiniz. A\u015fa\u011f\u0131da, ba\u015fl\u0131ca web taray\u0131c\u0131lar\u0131ndan \u00e7erezlerin nas\u0131l y\u00f6netilece\u011fi ve silinece\u011fi ile ilgili destek belgelerinin ba\u011flant\u0131lar\u0131 listelenmi\u015ftir.<\/p><p>Chrome: <a href=\"https:\/\/support.google.com\/accounts\/answer\/32050\" target=\"_blank\" rel=\"noopener\">https:\/\/support.google.com\/accounts\/answer\/32050<\/a><\/p><p>Safari: <a href=\"https:\/\/support.apple.com\/en-in\/guide\/safari\/sfri11471\/mac\" target=\"_blank\" rel=\"noopener\">https:\/\/support.apple.com\/en-in\/guide\/safari\/sfri11471\/mac<\/a><\/p><p>Firefox: <a href=\"https:\/\/support.mozilla.org\/en-US\/kb\/clear-cookies-and-site-data-firefox?redirectslug=delete-cookies-remove-info-websites-stored&amp;redirectlocale=en-US\" target=\"_blank\" rel=\"noopener\">https:\/\/support.mozilla.org\/en-US\/kb\/clear-cookies-and-site-data-firefox?redirectslug=delete-cookies-remove-info-websites-stored&amp;redirectlocale=en-US<\/a><\/p><p>Internet Explorer: <a href=\"https:\/\/support.microsoft.com\/en-us\/topic\/how-to-delete-cookie-files-in-internet-explorer-bca9446f-d873-78de-77ba-d42645fa52fc\" target=\"_blank\" rel=\"noopener\">https:\/\/support.microsoft.com\/en-us\/topic\/how-to-delete-cookie-files-in-internet-explorer-bca9446f-d873-78de-77ba-d42645fa52fc<\/a><\/p><p>Ba\u015fka bir web taray\u0131c\u0131s\u0131 kullan\u0131yorsan\u0131z, l\u00fctfen taray\u0131c\u0131n\u0131z\u0131n resmi destek belgelerini ziyaret edin.<\/p><\/div>\t\t\t\t\t\t\t\t<\/div>\n\t\t\t\t<\/div>\n\t\t\t\t\t<\/div>\n\t\t\t\t<\/div>\n\t\t\t\t<\/div>\n\t\t","protected":false},"excerpt":{"rendered":"<p>Cookie Policy Son G\u00fcncelleme : 09-Haziran-2023 \u00c7erez nedir? Bu \u00c7erez Politikas\u0131, \u00e7erezlerin ne oldu\u011funu ve bunlar\u0131 nas\u0131l kulland\u0131\u011f\u0131m\u0131z\u0131, kulland\u0131\u011f\u0131m\u0131z \u00e7erez t\u00fcrlerini, yani \u00e7erezleri kullanarak toplad\u0131\u011f\u0131m\u0131z bilgileri ve bu bilgilerin nas\u0131l kullan\u0131ld\u0131\u011f\u0131n\u0131 ve \u00e7erez ayarlar\u0131n\u0131n nas\u0131l y\u00f6netilece\u011fini a\u00e7\u0131klar. \u00c7erezler, k\u00fc\u00e7\u00fck bilgi par\u00e7alar\u0131n\u0131 saklamak i\u00e7in kullan\u0131lan k\u00fc\u00e7\u00fck metin dosyalar\u0131d\u0131r. Web sitesi taray\u0131c\u0131n\u0131za y\u00fcklendi\u011finde cihaz\u0131n\u0131zda saklan\u0131rlar. Bu \u00e7erezler, [&hellip;]<\/p>\n","protected":false},"author":1,"featured_media":0,"parent":0,"menu_order":0,"comment_status":"closed","ping_status":"open","template":"","meta":{"_acf_changed":false,"inline_featured_image":false,"footnotes":""},"class_list":["post-1863","page","type-page","status-publish","hentry"],"acf":[],"yoast_head":"<!-- This site is optimized with the Yoast SEO plugin v27.4 - https:\/\/yoast.com\/product\/yoast-seo-wordpress\/ -->\n<title>\u00c7erez Politikas\u0131 - Gualchieri &amp; Gualchieri<\/title>\n<meta name=\"robots\" content=\"index, follow, max-snippet:-1, max-image-preview:large, max-video-preview:-1\" \/>\n<link rel=\"canonical\" href=\"https:\/\/gualchieriegualchieri.it\/tr\/cookie-policy\/\" \/>\n<meta property=\"og:locale\" content=\"tr_TR\" \/>\n<meta property=\"og:type\" content=\"article\" \/>\n<meta property=\"og:title\" content=\"\u00c7erez Politikas\u0131 - Gualchieri &amp; Gualchieri\" \/>\n<meta property=\"og:description\" content=\"Cookie Policy Son G\u00fcncelleme : 09-Haziran-2023 \u00c7erez nedir? Bu \u00c7erez Politikas\u0131, \u00e7erezlerin ne oldu\u011funu ve bunlar\u0131 nas\u0131l kulland\u0131\u011f\u0131m\u0131z\u0131, kulland\u0131\u011f\u0131m\u0131z \u00e7erez t\u00fcrlerini, yani \u00e7erezleri kullanarak toplad\u0131\u011f\u0131m\u0131z bilgileri ve bu bilgilerin nas\u0131l kullan\u0131ld\u0131\u011f\u0131n\u0131 ve \u00e7erez ayarlar\u0131n\u0131n nas\u0131l y\u00f6netilece\u011fini a\u00e7\u0131klar. \u00c7erezler, k\u00fc\u00e7\u00fck bilgi par\u00e7alar\u0131n\u0131 saklamak i\u00e7in kullan\u0131lan k\u00fc\u00e7\u00fck metin dosyalar\u0131d\u0131r. Web sitesi taray\u0131c\u0131n\u0131za y\u00fcklendi\u011finde cihaz\u0131n\u0131zda saklan\u0131rlar. Bu \u00e7erezler, [&hellip;]\" \/>\n<meta property=\"og:url\" content=\"https:\/\/gualchieriegualchieri.it\/tr\/cookie-policy\/\" \/>\n<meta property=\"og:site_name\" content=\"Gualchieri &amp; Gualchieri\" \/>\n<meta property=\"article:modified_time\" content=\"2024-05-17T15:05:05+00:00\" \/>\n<meta property=\"og:image\" content=\"https:\/\/gualchieriegualchieri.it\/wp-content\/uploads\/2023\/06\/logo-gualchieri-e-gualchieri-social.jpg\" \/>\n\t<meta property=\"og:image:width\" content=\"1200\" \/>\n\t<meta property=\"og:image:height\" content=\"675\" \/>\n\t<meta property=\"og:image:type\" content=\"image\/jpeg\" \/>\n<meta name=\"twitter:card\" content=\"summary_large_image\" \/>\n<meta name=\"twitter:label1\" content=\"Tahmini okuma s\u00fcresi\" \/>\n\t<meta name=\"twitter:data1\" content=\"2 dakika\" \/>\n<script type=\"application\/ld+json\" class=\"yoast-schema-graph\">{\"@context\":\"https:\\\/\\\/schema.org\",\"@graph\":[{\"@type\":\"WebPage\",\"@id\":\"https:\\\/\\\/gualchieriegualchieri.it\\\/tr\\\/cookie-policy\\\/\",\"url\":\"https:\\\/\\\/gualchieriegualchieri.it\\\/tr\\\/cookie-policy\\\/\",\"name\":\"\u00c7erez Politikas\u0131 - Gualchieri &amp; Gualchieri\",\"isPartOf\":{\"@id\":\"https:\\\/\\\/gualchieriegualchieri.it\\\/tr\\\/#website\"},\"datePublished\":\"2023-06-09T18:40:13+00:00\",\"dateModified\":\"2024-05-17T15:05:05+00:00\",\"breadcrumb\":{\"@id\":\"https:\\\/\\\/gualchieriegualchieri.it\\\/tr\\\/cookie-policy\\\/#breadcrumb\"},\"inLanguage\":\"tr\",\"potentialAction\":[{\"@type\":\"ReadAction\",\"target\":[\"https:\\\/\\\/gualchieriegualchieri.it\\\/tr\\\/cookie-policy\\\/\"]}]},{\"@type\":\"BreadcrumbList\",\"@id\":\"https:\\\/\\\/gualchieriegualchieri.it\\\/tr\\\/cookie-policy\\\/#breadcrumb\",\"itemListElement\":[{\"@type\":\"ListItem\",\"position\":1,\"name\":\"Home\",\"item\":\"https:\\\/\\\/gualchieriegualchieri.it\\\/tr\\\/\"},{\"@type\":\"ListItem\",\"position\":2,\"name\":\"\u00c7erez Politikas\u0131\"}]},{\"@type\":\"WebSite\",\"@id\":\"https:\\\/\\\/gualchieriegualchieri.it\\\/tr\\\/#website\",\"url\":\"https:\\\/\\\/gualchieriegualchieri.it\\\/tr\\\/\",\"name\":\"Gualchieri &amp; Gualchieri\",\"description\":\"Fantezi, \u00f6zel ve \u015fenil iplikler i\u00e7in tekstil makineleri.\",\"publisher\":{\"@id\":\"https:\\\/\\\/gualchieriegualchieri.it\\\/tr\\\/#organization\"},\"potentialAction\":[{\"@type\":\"SearchAction\",\"target\":{\"@type\":\"EntryPoint\",\"urlTemplate\":\"https:\\\/\\\/gualchieriegualchieri.it\\\/tr\\\/?s={search_term_string}\"},\"query-input\":{\"@type\":\"PropertyValueSpecification\",\"valueRequired\":true,\"valueName\":\"search_term_string\"}}],\"inLanguage\":\"tr\"},{\"@type\":\"Organization\",\"@id\":\"https:\\\/\\\/gualchieriegualchieri.it\\\/tr\\\/#organization\",\"name\":\"Gualchieri & Gualchieri\",\"alternateName\":\"G&G\",\"url\":\"https:\\\/\\\/gualchieriegualchieri.it\\\/tr\\\/\",\"logo\":{\"@type\":\"ImageObject\",\"inLanguage\":\"tr\",\"@id\":\"https:\\\/\\\/gualchieriegualchieri.it\\\/tr\\\/#\\\/schema\\\/logo\\\/image\\\/\",\"url\":\"https:\\\/\\\/gualchieriegualchieri.it\\\/wp-content\\\/uploads\\\/2023\\\/06\\\/logo-gualchieri-e-gualchieri-quadrato.jpg\",\"contentUrl\":\"https:\\\/\\\/gualchieriegualchieri.it\\\/wp-content\\\/uploads\\\/2023\\\/06\\\/logo-gualchieri-e-gualchieri-quadrato.jpg\",\"width\":696,\"height\":696,\"caption\":\"Gualchieri & Gualchieri\"},\"image\":{\"@id\":\"https:\\\/\\\/gualchieriegualchieri.it\\\/tr\\\/#\\\/schema\\\/logo\\\/image\\\/\"}}]}<\/script>\n<!-- \/ Yoast SEO plugin. -->","yoast_head_json":{"title":"\u00c7erez Politikas\u0131 - Gualchieri &amp; Gualchieri","robots":{"index":"index","follow":"follow","max-snippet":"max-snippet:-1","max-image-preview":"max-image-preview:large","max-video-preview":"max-video-preview:-1"},"canonical":"https:\/\/gualchieriegualchieri.it\/tr\/cookie-policy\/","og_locale":"tr_TR","og_type":"article","og_title":"\u00c7erez Politikas\u0131 - Gualchieri &amp; Gualchieri","og_description":"Cookie Policy Son G\u00fcncelleme : 09-Haziran-2023 \u00c7erez nedir? Bu \u00c7erez Politikas\u0131, \u00e7erezlerin ne oldu\u011funu ve bunlar\u0131 nas\u0131l kulland\u0131\u011f\u0131m\u0131z\u0131, kulland\u0131\u011f\u0131m\u0131z \u00e7erez t\u00fcrlerini, yani \u00e7erezleri kullanarak toplad\u0131\u011f\u0131m\u0131z bilgileri ve bu bilgilerin nas\u0131l kullan\u0131ld\u0131\u011f\u0131n\u0131 ve \u00e7erez ayarlar\u0131n\u0131n nas\u0131l y\u00f6netilece\u011fini a\u00e7\u0131klar. \u00c7erezler, k\u00fc\u00e7\u00fck bilgi par\u00e7alar\u0131n\u0131 saklamak i\u00e7in kullan\u0131lan k\u00fc\u00e7\u00fck metin dosyalar\u0131d\u0131r. Web sitesi taray\u0131c\u0131n\u0131za y\u00fcklendi\u011finde cihaz\u0131n\u0131zda saklan\u0131rlar. Bu \u00e7erezler, [&hellip;]","og_url":"https:\/\/gualchieriegualchieri.it\/tr\/cookie-policy\/","og_site_name":"Gualchieri &amp; Gualchieri","article_modified_time":"2024-05-17T15:05:05+00:00","og_image":[{"width":1200,"height":675,"url":"https:\/\/gualchieriegualchieri.it\/wp-content\/uploads\/2023\/06\/logo-gualchieri-e-gualchieri-social.jpg","type":"image\/jpeg"}],"twitter_card":"summary_large_image","twitter_misc":{"Tahmini okuma s\u00fcresi":"2 dakika"},"schema":{"@context":"https:\/\/schema.org","@graph":[{"@type":"WebPage","@id":"https:\/\/gualchieriegualchieri.it\/tr\/cookie-policy\/","url":"https:\/\/gualchieriegualchieri.it\/tr\/cookie-policy\/","name":"\u00c7erez Politikas\u0131 - Gualchieri &amp; Gualchieri","isPartOf":{"@id":"https:\/\/gualchieriegualchieri.it\/tr\/#website"},"datePublished":"2023-06-09T18:40:13+00:00","dateModified":"2024-05-17T15:05:05+00:00","breadcrumb":{"@id":"https:\/\/gualchieriegualchieri.it\/tr\/cookie-policy\/#breadcrumb"},"inLanguage":"tr","potentialAction":[{"@type":"ReadAction","target":["https:\/\/gualchieriegualchieri.it\/tr\/cookie-policy\/"]}]},{"@type":"BreadcrumbList","@id":"https:\/\/gualchieriegualchieri.it\/tr\/cookie-policy\/#breadcrumb","itemListElement":[{"@type":"ListItem","position":1,"name":"Home","item":"https:\/\/gualchieriegualchieri.it\/tr\/"},{"@type":"ListItem","position":2,"name":"\u00c7erez Politikas\u0131"}]},{"@type":"WebSite","@id":"https:\/\/gualchieriegualchieri.it\/tr\/#website","url":"https:\/\/gualchieriegualchieri.it\/tr\/","name":"Gualchieri &amp; Gualchieri","description":"Fantezi, \u00f6zel ve \u015fenil iplikler i\u00e7in tekstil makineleri.","publisher":{"@id":"https:\/\/gualchieriegualchieri.it\/tr\/#organization"},"potentialAction":[{"@type":"SearchAction","target":{"@type":"EntryPoint","urlTemplate":"https:\/\/gualchieriegualchieri.it\/tr\/?s={search_term_string}"},"query-input":{"@type":"PropertyValueSpecification","valueRequired":true,"valueName":"search_term_string"}}],"inLanguage":"tr"},{"@type":"Organization","@id":"https:\/\/gualchieriegualchieri.it\/tr\/#organization","name":"Gualchieri & Gualchieri","alternateName":"G&G","url":"https:\/\/gualchieriegualchieri.it\/tr\/","logo":{"@type":"ImageObject","inLanguage":"tr","@id":"https:\/\/gualchieriegualchieri.it\/tr\/#\/schema\/logo\/image\/","url":"https:\/\/gualchieriegualchieri.it\/wp-content\/uploads\/2023\/06\/logo-gualchieri-e-gualchieri-quadrato.jpg","contentUrl":"https:\/\/gualchieriegualchieri.it\/wp-content\/uploads\/2023\/06\/logo-gualchieri-e-gualchieri-quadrato.jpg","width":696,"height":696,"caption":"Gualchieri & Gualchieri"},"image":{"@id":"https:\/\/gualchieriegualchieri.it\/tr\/#\/schema\/logo\/image\/"}}]}},"_links":{"self":[{"href":"https:\/\/gualchieriegualchieri.it\/tr\/wp-json\/wp\/v2\/pages\/1863","targetHints":{"allow":["GET"]}}],"collection":[{"href":"https:\/\/gualchieriegualchieri.it\/tr\/wp-json\/wp\/v2\/pages"}],"about":[{"href":"https:\/\/gualchieriegualchieri.it\/tr\/wp-json\/wp\/v2\/types\/page"}],"author":[{"embeddable":true,"href":"https:\/\/gualchieriegualchieri.it\/tr\/wp-json\/wp\/v2\/users\/1"}],"replies":[{"embeddable":true,"href":"https:\/\/gualchieriegualchieri.it\/tr\/wp-json\/wp\/v2\/comments?post=1863"}],"version-history":[{"count":4,"href":"https:\/\/gualchieriegualchieri.it\/tr\/wp-json\/wp\/v2\/pages\/1863\/revisions"}],"predecessor-version":[{"id":2133,"href":"https:\/\/gualchieriegualchieri.it\/tr\/wp-json\/wp\/v2\/pages\/1863\/revisions\/2133"}],"wp:attachment":[{"href":"https:\/\/gualchieriegualchieri.it\/tr\/wp-json\/wp\/v2\/media?parent=1863"}],"curies":[{"name":"wp","href":"https:\/\/api.w.org\/{rel}","templated":true}]}}